{"id":6032,"date":"2020-09-10T10:53:39","date_gmt":"2020-09-10T08:53:39","guid":{"rendered":"https:\/\/cosmopolit.hu\/publisher\/"},"modified":"2025-08-07T12:35:09","modified_gmt":"2025-08-07T10:35:09","slug":"publisher","status":"publish","type":"page","link":"https:\/\/cosmopolit.hu\/en\/publisher\/","title":{"rendered":"Publisher"},"content":{"rendered":"\t\t<div data-elementor-type=\"wp-page\" data-elementor-id=\"6032\" class=\"elementor elementor-6032 elementor-2054\">\n\t\t\t\t\t\t<section class=\"elementor-section elementor-top-section elementor-element elementor-element-302adc9 elementor-reverse-tablet elementor-reverse-mobile elementor-section-full_width elementor-section-height-default elementor-section-height-default qodef-elementor-content-no\" data-id=\"302adc9\" data-element_type=\"section\">\n\t\t\t\t\t\t<div class=\"elementor-container elementor-column-gap-default\">\n\t\t\t\t\t<div class=\"elementor-column elementor-col-50 elementor-top-column elementor-element elementor-element-a2f9614\" data-id=\"a2f9614\" data-element_type=\"column\">\n\t\t\t<div class=\"elementor-widget-wrap elementor-element-populated\">\n\t\t\t\t\t\t<div class=\"elementor-element elementor-element-b745db8 elementor-widget elementor-widget-belletrist_core_section_title\" data-id=\"b745db8\" data-element_type=\"widget\" data-widget_type=\"belletrist_core_section_title.default\">\n\t\t\t\t<div class=\"elementor-widget-container\">\n\t\t\t\t\t<div class=\"qodef-shortcode qodef-m  qodef-section-title qodef-alignment--left \">\n\t\t\t<h1 class=\"qodef-m-title\" >\n\t\t\t\t\tAbout the publisher\t\t\t<\/h1>\n\t\t<span class=\"qodef-m-separator\" ><\/span>\n\t\t<p class=\"qodef-m-text\" style=\"margin-top: 20px\">Cosmopolit Publishing was founded in 2025 for writers.\nWe are wild, independent, and unapologetically free. We have a clear vision of what makes good writing and we don\u2019t compromise. Every manuscript we publish is treated like our own child.<\/p>\n<\/div>\t\t\t\t<\/div>\n\t\t\t\t<\/div>\n\t\t\t\t<div class=\"elementor-element elementor-element-fef4140 elementor-widget elementor-widget-belletrist_core_section_title\" data-id=\"fef4140\" data-element_type=\"widget\" data-widget_type=\"belletrist_core_section_title.default\">\n\t\t\t\t<div class=\"elementor-widget-container\">\n\t\t\t\t\t<div class=\"qodef-shortcode qodef-m  qodef-section-title qodef-alignment--left \">\n\t\t\t\t\t<p class=\"qodef-m-text\" style=\"margin-top: 4px\">We exist to lift writers out of the bottom of the cultural food chain in Eastern Europe. Literary fiction is an artificial category created by the old dictatorships, but it still dictates how literature is viewed here.<\/p>\n<\/div>\t\t\t\t<\/div>\n\t\t\t\t<\/div>\n\t\t\t\t<div class=\"elementor-element elementor-element-bd72ced elementor-widget elementor-widget-belletrist_core_section_title\" data-id=\"bd72ced\" data-element_type=\"widget\" data-widget_type=\"belletrist_core_section_title.default\">\n\t\t\t\t<div class=\"elementor-widget-container\">\n\t\t\t\t\t<div class=\"qodef-shortcode qodef-m  qodef-section-title qodef-alignment--left \">\n\t\t\t\t\t<p class=\"qodef-m-text\" style=\"margin-top: 4px\">A generation has grown up since the regime change, yet the landscape has barely shifted. Distribution networks take sixty percent of a book\u2019s price, and publishers swallow the rest\u2014while authors are expected to feel grateful for the crumbs and the chance to appear in print.<\/p>\n<\/div>\t\t\t\t<\/div>\n\t\t\t\t<\/div>\n\t\t\t\t<div class=\"elementor-element elementor-element-8403190 elementor-widget elementor-widget-belletrist_core_section_title\" data-id=\"8403190\" data-element_type=\"widget\" data-widget_type=\"belletrist_core_section_title.default\">\n\t\t\t\t<div class=\"elementor-widget-container\">\n\t\t\t\t\t<div class=\"qodef-shortcode qodef-m  qodef-section-title qodef-alignment--left \">\n\t\t\t<h3 class=\"qodef-m-title\" >\n\t\t\t\t\tInformation\t\t\t<\/h3>\n\t\t<span class=\"qodef-m-separator\" style=\"margin-top: 7px\"><\/span>\n\t<\/div>\t\t\t\t<\/div>\n\t\t\t\t<\/div>\n\t\t\t\t<section class=\"elementor-section elementor-inner-section elementor-element elementor-element-78d7729 elementor-section-boxed elementor-section-height-default elementor-section-height-default qodef-elementor-content-no\" data-id=\"78d7729\" data-element_type=\"section\">\n\t\t\t\t\t\t<div class=\"elementor-container elementor-column-gap-default\">\n\t\t\t\t\t<div class=\"elementor-column elementor-col-100 elementor-inner-column elementor-element elementor-element-1d39f1c\" data-id=\"1d39f1c\" data-element_type=\"column\">\n\t\t\t<div class=\"elementor-widget-wrap elementor-element-populated\">\n\t\t\t\t\t\t<div class=\"elementor-element elementor-element-3b4fd31 elementor-widget__width-initial elementor-widget elementor-widget-belletrist_core_section_title\" data-id=\"3b4fd31\" data-element_type=\"widget\" data-widget_type=\"belletrist_core_section_title.default\">\n\t\t\t\t<div class=\"elementor-widget-container\">\n\t\t\t\t\t<div class=\"qodef-shortcode qodef-m  qodef-section-title qodef-alignment--left \">\n\t\t<p class=\"qodef-m-tagline\" >Manuscript<\/p>\n\t\t\t<span class=\"qodef-m-separator\" style=\"width: 90px;margin-top: 4px\"><\/span>\n\t\t<p class=\"qodef-m-text\" style=\"margin-top: 13px\">We accept manuscripts only between May 1 and August 1, sent digitally to our central editorial email address.\nFor prose, submit 20 typed pages in 14-point Times New Roman, double-spaced. If you are submitting a novel, include a synopsis and the author\u2019s biography.<\/p>\n<\/div>\t\t\t\t<\/div>\n\t\t\t\t<\/div>\n\t\t\t\t<div class=\"elementor-element elementor-element-638b58c elementor-widget__width-initial elementor-widget elementor-widget-belletrist_core_section_title\" data-id=\"638b58c\" data-element_type=\"widget\" data-widget_type=\"belletrist_core_section_title.default\">\n\t\t\t\t<div class=\"elementor-widget-container\">\n\t\t\t\t\t<div class=\"qodef-shortcode qodef-m  qodef-section-title qodef-alignment--left \">\n\t\t<p class=\"qodef-m-tagline\" >Prose<\/p>\n\t\t\t<span class=\"qodef-m-separator\" style=\"width: 90px;margin-top: 4px\"><\/span>\n\t\t<p class=\"qodef-m-text\" style=\"margin-top: 13px\">In the case of prose, please provide 20 typed pages in Times New Roman 14 font, double-spaced, and in the case of fiction, a synopsis and a biography of the author.\nProse we find worthy of publication is also translated into English and published.<\/p>\n<\/div>\t\t\t\t<\/div>\n\t\t\t\t<\/div>\n\t\t\t\t<div class=\"elementor-element elementor-element-7e7b252 elementor-widget__width-initial elementor-widget elementor-widget-belletrist_core_section_title\" data-id=\"7e7b252\" data-element_type=\"widget\" data-widget_type=\"belletrist_core_section_title.default\">\n\t\t\t\t<div class=\"elementor-widget-container\">\n\t\t\t\t\t<div class=\"qodef-shortcode qodef-m  qodef-section-title qodef-alignment--left \">\n\t\t<p class=\"qodef-m-tagline\" >Verse<\/p>\n\t\t\t<span class=\"qodef-m-separator\" style=\"width: 90px;margin-top: 4px\"><\/span>\n\t\t<p class=\"qodef-m-text\" style=\"margin-top: 13px\">For poetry, submit 12 poems in 14-point Times New Roman.<\/p>\n<\/div>\t\t\t\t<\/div>\n\t\t\t\t<\/div>\n\t\t\t\t<div class=\"elementor-element elementor-element-d85cbe0 elementor-widget__width-initial elementor-widget elementor-widget-belletrist_core_section_title\" data-id=\"d85cbe0\" data-element_type=\"widget\" data-widget_type=\"belletrist_core_section_title.default\">\n\t\t\t\t<div class=\"elementor-widget-container\">\n\t\t\t\t\t<div class=\"qodef-shortcode qodef-m  qodef-section-title qodef-alignment--center \">\n\t\t<p class=\"qodef-m-tagline\" >We only accept manuscripts submitted using the form under the Contact menu, in accordance with the above conditions.<\/p>\n\t\t\t<\/div>\t\t\t\t<\/div>\n\t\t\t\t<\/div>\n\t\t\t\t\t<\/div>\n\t\t<\/div>\n\t\t\t\t\t<\/div>\n\t\t<\/section>\n\t\t\t\t\t<\/div>\n\t\t<\/div>\n\t\t\t\t<div class=\"elementor-column elementor-col-50 elementor-top-column elementor-element elementor-element-d6799e8\" data-id=\"d6799e8\" data-element_type=\"column\">\n\t\t\t<div class=\"elementor-widget-wrap elementor-element-populated\">\n\t\t\t\t<div class=\"elementor-element elementor-element-05f6081 e-con-full e-flex e-con e-parent\" data-id=\"05f6081\" data-element_type=\"container\">\n\t\t\t\t<div class=\"elementor-element elementor-element-81f8203 elementor-widget elementor-widget-image\" data-id=\"81f8203\" data-element_type=\"widget\" data-widget_type=\"image.default\">\n\t\t\t\t\t\t\t\t\t\t\t\t\t\t\t<img fetchpriority=\"high\" decoding=\"async\" width=\"768\" height=\"768\" src=\"https:\/\/cosmopolit.hu\/uploads\/2025\/07\/Cosmopolit-logo_black-768x768.png\" class=\"attachment-medium_large size-medium_large wp-image-6015\" alt=\"\" srcset=\"https:\/\/cosmopolit.hu\/uploads\/2025\/07\/Cosmopolit-logo_black-768x768.png 768w, https:\/\/cosmopolit.hu\/uploads\/2025\/07\/Cosmopolit-logo_black-300x300.png 300w, https:\/\/cosmopolit.hu\/uploads\/2025\/07\/Cosmopolit-logo_black-150x150.png 150w, https:\/\/cosmopolit.hu\/uploads\/2025\/07\/Cosmopolit-logo_black-650x650.png 650w, https:\/\/cosmopolit.hu\/uploads\/2025\/07\/Cosmopolit-logo_black-600x600.png 600w, https:\/\/cosmopolit.hu\/uploads\/2025\/07\/Cosmopolit-logo_black-100x100.png 100w, https:\/\/cosmopolit.hu\/uploads\/2025\/07\/Cosmopolit-logo_black.png 850w\" sizes=\"(max-width: 768px) 100vw, 768px\" \/>\t\t\t\t\t\t\t\t\t\t\t\t\t\t\t<\/div>\n\t\t\t\t<\/div>\n\t\t\t\t\t<\/div>\n\t\t<\/div>\n\t\t\t\t\t<\/div>\n\t\t<\/section>\n\t\t\t\t<\/div>\n\t\t","protected":false},"excerpt":{"rendered":"<p>About the publisher Cosmopolit Publishing was founded in 2025 for writers. We are wild, independent, and unapologetically free. We have a clear vision of what makes good writing and we don\u2019t compromise. Every manuscript we publish is treated like our own child. We exist to lift writers out of the bottom of the cultural food [&hellip;]<\/p>\n","protected":false},"author":1,"featured_media":0,"parent":0,"menu_order":0,"comment_status":"closed","ping_status":"closed","template":"page-full-width.php","meta":{"footnotes":""},"class_list":["post-6032","page","type-page","status-publish","hentry"],"yoast_head":"<!-- This site is optimized with the Yoast SEO plugin v26.5 - https:\/\/yoast.com\/wordpress\/plugins\/seo\/ -->\n<title>Publisher - Cosmopolit<\/title>\n<meta name=\"robots\" content=\"index, follow, max-snippet:-1, max-image-preview:large, max-video-preview:-1\" \/>\n<link rel=\"canonical\" href=\"https:\/\/cosmopolit.hu\/en\/publisher\/\" \/>\n<meta property=\"og:locale\" content=\"en_US\" \/>\n<meta property=\"og:type\" content=\"article\" \/>\n<meta property=\"og:title\" content=\"Publisher - Cosmopolit\" \/>\n<meta property=\"og:description\" content=\"About the publisher Cosmopolit Publishing was founded in 2025 for writers. We are wild, independent, and unapologetically free. We have a clear vision of what makes good writing and we don\u2019t compromise. Every manuscript we publish is treated like our own child. We exist to lift writers out of the bottom of the cultural food [&hellip;]\" \/>\n<meta property=\"og:url\" content=\"https:\/\/cosmopolit.hu\/en\/publisher\/\" \/>\n<meta property=\"og:site_name\" content=\"Cosmopolit\" \/>\n<meta property=\"article:modified_time\" content=\"2025-08-07T10:35:09+00:00\" \/>\n<meta property=\"og:image\" content=\"https:\/\/cosmopolit.hu\/uploads\/2025\/07\/Cosmopolit-logo_black-768x768.png\" \/>\n<meta name=\"twitter:card\" content=\"summary_large_image\" \/>\n<meta name=\"twitter:label1\" content=\"Est. reading time\" \/>\n\t<meta name=\"twitter:data1\" content=\"1 minute\" \/>\n<script type=\"application\/ld+json\" class=\"yoast-schema-graph\">{\"@context\":\"https:\/\/schema.org\",\"@graph\":[{\"@type\":\"WebPage\",\"@id\":\"https:\/\/cosmopolit.hu\/en\/publisher\/\",\"url\":\"https:\/\/cosmopolit.hu\/en\/publisher\/\",\"name\":\"Publisher - Cosmopolit\",\"isPartOf\":{\"@id\":\"https:\/\/cosmopolit.hu\/#website\"},\"primaryImageOfPage\":{\"@id\":\"https:\/\/cosmopolit.hu\/en\/publisher\/#primaryimage\"},\"image\":{\"@id\":\"https:\/\/cosmopolit.hu\/en\/publisher\/#primaryimage\"},\"thumbnailUrl\":\"https:\/\/cosmopolit.hu\/uploads\/2025\/07\/Cosmopolit-logo_black-768x768.png\",\"datePublished\":\"2020-09-10T08:53:39+00:00\",\"dateModified\":\"2025-08-07T10:35:09+00:00\",\"breadcrumb\":{\"@id\":\"https:\/\/cosmopolit.hu\/en\/publisher\/#breadcrumb\"},\"inLanguage\":\"en-US\",\"potentialAction\":[{\"@type\":\"ReadAction\",\"target\":[\"https:\/\/cosmopolit.hu\/en\/publisher\/\"]}]},{\"@type\":\"ImageObject\",\"inLanguage\":\"en-US\",\"@id\":\"https:\/\/cosmopolit.hu\/en\/publisher\/#primaryimage\",\"url\":\"https:\/\/cosmopolit.hu\/uploads\/2025\/07\/Cosmopolit-logo_black-768x768.png\",\"contentUrl\":\"https:\/\/cosmopolit.hu\/uploads\/2025\/07\/Cosmopolit-logo_black-768x768.png\"},{\"@type\":\"BreadcrumbList\",\"@id\":\"https:\/\/cosmopolit.hu\/en\/publisher\/#breadcrumb\",\"itemListElement\":[{\"@type\":\"ListItem\",\"position\":1,\"name\":\"Home\",\"item\":\"https:\/\/cosmopolit.hu\/en\/\"},{\"@type\":\"ListItem\",\"position\":2,\"name\":\"Publisher\"}]},{\"@type\":\"WebSite\",\"@id\":\"https:\/\/cosmopolit.hu\/#website\",\"url\":\"https:\/\/cosmopolit.hu\/\",\"name\":\"Cosmopolit\",\"description\":\"Egy j\u00f3 t\u00f6rt\u00e9net mindig veled marad.\",\"potentialAction\":[{\"@type\":\"SearchAction\",\"target\":{\"@type\":\"EntryPoint\",\"urlTemplate\":\"https:\/\/cosmopolit.hu\/?s={search_term_string}\"},\"query-input\":{\"@type\":\"PropertyValueSpecification\",\"valueRequired\":true,\"valueName\":\"search_term_string\"}}],\"inLanguage\":\"en-US\"}]}<\/script>\n<!-- \/ Yoast SEO plugin. -->","yoast_head_json":{"title":"Publisher - Cosmopolit","robots":{"index":"index","follow":"follow","max-snippet":"max-snippet:-1","max-image-preview":"max-image-preview:large","max-video-preview":"max-video-preview:-1"},"canonical":"https:\/\/cosmopolit.hu\/en\/publisher\/","og_locale":"en_US","og_type":"article","og_title":"Publisher - Cosmopolit","og_description":"About the publisher Cosmopolit Publishing was founded in 2025 for writers. We are wild, independent, and unapologetically free. We have a clear vision of what makes good writing and we don\u2019t compromise. Every manuscript we publish is treated like our own child. We exist to lift writers out of the bottom of the cultural food [&hellip;]","og_url":"https:\/\/cosmopolit.hu\/en\/publisher\/","og_site_name":"Cosmopolit","article_modified_time":"2025-08-07T10:35:09+00:00","og_image":[{"url":"https:\/\/cosmopolit.hu\/uploads\/2025\/07\/Cosmopolit-logo_black-768x768.png","type":"","width":"","height":""}],"twitter_card":"summary_large_image","twitter_misc":{"Est. reading time":"1 minute"},"schema":{"@context":"https:\/\/schema.org","@graph":[{"@type":"WebPage","@id":"https:\/\/cosmopolit.hu\/en\/publisher\/","url":"https:\/\/cosmopolit.hu\/en\/publisher\/","name":"Publisher - Cosmopolit","isPartOf":{"@id":"https:\/\/cosmopolit.hu\/#website"},"primaryImageOfPage":{"@id":"https:\/\/cosmopolit.hu\/en\/publisher\/#primaryimage"},"image":{"@id":"https:\/\/cosmopolit.hu\/en\/publisher\/#primaryimage"},"thumbnailUrl":"https:\/\/cosmopolit.hu\/uploads\/2025\/07\/Cosmopolit-logo_black-768x768.png","datePublished":"2020-09-10T08:53:39+00:00","dateModified":"2025-08-07T10:35:09+00:00","breadcrumb":{"@id":"https:\/\/cosmopolit.hu\/en\/publisher\/#breadcrumb"},"inLanguage":"en-US","potentialAction":[{"@type":"ReadAction","target":["https:\/\/cosmopolit.hu\/en\/publisher\/"]}]},{"@type":"ImageObject","inLanguage":"en-US","@id":"https:\/\/cosmopolit.hu\/en\/publisher\/#primaryimage","url":"https:\/\/cosmopolit.hu\/uploads\/2025\/07\/Cosmopolit-logo_black-768x768.png","contentUrl":"https:\/\/cosmopolit.hu\/uploads\/2025\/07\/Cosmopolit-logo_black-768x768.png"},{"@type":"BreadcrumbList","@id":"https:\/\/cosmopolit.hu\/en\/publisher\/#breadcrumb","itemListElement":[{"@type":"ListItem","position":1,"name":"Home","item":"https:\/\/cosmopolit.hu\/en\/"},{"@type":"ListItem","position":2,"name":"Publisher"}]},{"@type":"WebSite","@id":"https:\/\/cosmopolit.hu\/#website","url":"https:\/\/cosmopolit.hu\/","name":"Cosmopolit","description":"Egy j\u00f3 t\u00f6rt\u00e9net mindig veled marad.","potentialAction":[{"@type":"SearchAction","target":{"@type":"EntryPoint","urlTemplate":"https:\/\/cosmopolit.hu\/?s={search_term_string}"},"query-input":{"@type":"PropertyValueSpecification","valueRequired":true,"valueName":"search_term_string"}}],"inLanguage":"en-US"}]}},"_links":{"self":[{"href":"https:\/\/cosmopolit.hu\/en\/wp-json\/wp\/v2\/pages\/6032","targetHints":{"allow":["GET"]}}],"collection":[{"href":"https:\/\/cosmopolit.hu\/en\/wp-json\/wp\/v2\/pages"}],"about":[{"href":"https:\/\/cosmopolit.hu\/en\/wp-json\/wp\/v2\/types\/page"}],"author":[{"embeddable":true,"href":"https:\/\/cosmopolit.hu\/en\/wp-json\/wp\/v2\/users\/1"}],"replies":[{"embeddable":true,"href":"https:\/\/cosmopolit.hu\/en\/wp-json\/wp\/v2\/comments?post=6032"}],"version-history":[{"count":22,"href":"https:\/\/cosmopolit.hu\/en\/wp-json\/wp\/v2\/pages\/6032\/revisions"}],"predecessor-version":[{"id":6177,"href":"https:\/\/cosmopolit.hu\/en\/wp-json\/wp\/v2\/pages\/6032\/revisions\/6177"}],"wp:attachment":[{"href":"https:\/\/cosmopolit.hu\/en\/wp-json\/wp\/v2\/media?parent=6032"}],"curies":[{"name":"wp","href":"https:\/\/api.w.org\/{rel}","templated":true}]}}