{"id":6059,"date":"2020-09-08T14:35:00","date_gmt":"2020-09-08T12:35:00","guid":{"rendered":"https:\/\/cosmopolit.hu\/books\/"},"modified":"2025-11-21T13:43:37","modified_gmt":"2025-11-21T12:43:37","slug":"books","status":"publish","type":"page","link":"https:\/\/cosmopolit.hu\/en\/books\/","title":{"rendered":"Books"},"content":{"rendered":"\t\t<div data-elementor-type=\"wp-page\" data-elementor-id=\"6059\" class=\"elementor elementor-6059 elementor-1809\">\n\t\t\t\t\t\t<section class=\"elementor-section elementor-top-section elementor-element elementor-element-c4bf74d elementor-section-full_width qodef-elementor-content-grid elementor-section-height-default elementor-section-height-default\" data-id=\"c4bf74d\" data-element_type=\"section\">\n\t\t\t\t\t\t<div class=\"elementor-container elementor-column-gap-default\">\n\t\t\t\t\t<div class=\"elementor-column elementor-col-100 elementor-top-column elementor-element elementor-element-93cbf5e\" data-id=\"93cbf5e\" data-element_type=\"column\">\n\t\t\t<div class=\"elementor-widget-wrap elementor-element-populated\">\n\t\t\t\t\t\t<div class=\"elementor-element elementor-element-ccad993 elementor-widget elementor-widget-belletrist_core_product_list\" data-id=\"ccad993\" data-element_type=\"widget\" data-widget_type=\"belletrist_core_product_list.default\">\n\t\t\t\t<div class=\"elementor-widget-container\">\n\t\t\t\t\t<div class=\"qodef-shortcode qodef-m  qodef-woo-shortcode qodef-woo-product-list qodef-item-layout--info-below qodef-grid qodef-layout--columns  qodef-gutter--small qodef-col-num--3 qodef-item-layout--info-below qodef-filter--on qodef-pagination--on qodef-pagination-type--standard-with-line qodef-responsive--predefined\" data-options=\"{&quot;plugin&quot;:&quot;belletrist_core&quot;,&quot;module&quot;:&quot;plugins\\\/woocommerce\\\/shortcodes&quot;,&quot;shortcode&quot;:&quot;product-list&quot;,&quot;post_type&quot;:&quot;product&quot;,&quot;next_page&quot;:&quot;2&quot;,&quot;max_pages_num&quot;:1,&quot;behavior&quot;:&quot;columns&quot;,&quot;images_proportion&quot;:&quot;full&quot;,&quot;columns&quot;:&quot;3&quot;,&quot;columns_responsive&quot;:&quot;predefined&quot;,&quot;space&quot;:&quot;small&quot;,&quot;posts_per_page&quot;:&quot;9&quot;,&quot;orderby&quot;:&quot;menu_order&quot;,&quot;order&quot;:&quot;ASC&quot;,&quot;layout&quot;:&quot;info-below&quot;,&quot;title_tag&quot;:&quot;h4&quot;,&quot;enable_filter&quot;:&quot;yes&quot;,&quot;pagination_type&quot;:&quot;standard-with-line&quot;,&quot;object_class_name&quot;:&quot;BelletristCoreProductListShortcode&quot;,&quot;taxonomy_filter&quot;:&quot;product_cat&quot;,&quot;additional_query_args&quot;:[],&quot;space_value&quot;:10}\">\n\t\t<div class=\"qodef-m-filter\">\n\t\t\t\t\t<div class=\"qodef-m-filter-items\">\n\t\t\t\t<a class=\"qodef-m-filter-item qodef--active\" href=\"#\" data-taxonomy=\"product_cat\" data-filter=\"*\">\n\t\t\t\t\t<span class=\"qodef-m-filter-item-name\">Show All<\/span>\n\t\t\t\t<\/a>\n\t\t\t\t\t\t\t\t\t<a class=\"qodef-m-filter-item\" href=\"#\" data-taxonomy=\"product_cat\" data-filter=\"book\">\n\t\t\t\t\t\t<span class=\"qodef-m-filter-item-name\">Book<\/span>\n\t\t\t\t\t<\/a>\n\t\t\t\t\t\t\t\t\t<a class=\"qodef-m-filter-item\" href=\"#\" data-taxonomy=\"product_cat\" data-filter=\"e-book\">\n\t\t\t\t\t\t<span class=\"qodef-m-filter-item-name\">E-book<\/span>\n\t\t\t\t\t<\/a>\n\t\t\t\t\t\t\t<\/div>\n\t\t\t<\/div>\n\t<div class=\"qodef-grid-inner clear\">\n\t\t<div class=\"qodef-e qodef-grid-item qodef-item--full product type-product post-6390 status-publish first instock product_cat-book has-post-thumbnail taxable shipping-taxable purchasable product-type-simple\">\n    <div class=\"qodef-woo-product-inner\">\n\t\t            <div class=\"qodef-woo-product-image\">\n\t\t\t\t\t\t\t\t<img fetchpriority=\"high\" decoding=\"async\" width=\"2000\" height=\"2000\" src=\"https:\/\/cosmopolit.hu\/uploads\/2025\/11\/Everybody-Grieves_BOOK-mockup.jpg\" class=\"attachment-full size-full\" alt=\"\" srcset=\"https:\/\/cosmopolit.hu\/uploads\/2025\/11\/Everybody-Grieves_BOOK-mockup.jpg 2000w, https:\/\/cosmopolit.hu\/uploads\/2025\/11\/Everybody-Grieves_BOOK-mockup-300x300.jpg 300w, https:\/\/cosmopolit.hu\/uploads\/2025\/11\/Everybody-Grieves_BOOK-mockup-1024x1024.jpg 1024w, https:\/\/cosmopolit.hu\/uploads\/2025\/11\/Everybody-Grieves_BOOK-mockup-150x150.jpg 150w, https:\/\/cosmopolit.hu\/uploads\/2025\/11\/Everybody-Grieves_BOOK-mockup-768x768.jpg 768w, https:\/\/cosmopolit.hu\/uploads\/2025\/11\/Everybody-Grieves_BOOK-mockup-1536x1536.jpg 1536w, https:\/\/cosmopolit.hu\/uploads\/2025\/11\/Everybody-Grieves_BOOK-mockup-650x650.jpg 650w, https:\/\/cosmopolit.hu\/uploads\/2025\/11\/Everybody-Grieves_BOOK-mockup-1300x1300.jpg 1300w, https:\/\/cosmopolit.hu\/uploads\/2025\/11\/Everybody-Grieves_BOOK-mockup-600x600.jpg 600w, https:\/\/cosmopolit.hu\/uploads\/2025\/11\/Everybody-Grieves_BOOK-mockup-100x100.jpg 100w\" sizes=\"(max-width: 2000px) 100vw, 2000px\" \/>                <div class=\"qodef-woo-product-image-inner\">\n\t\t\t\t\t<a href=\"?add-to-cart=6390\" aria-describedby=\"woocommerce_loop_add_to_cart_link_describedby_6390\" data-quantity=\"1\" class=\"button product_type_simple add_to_cart_button ajax_add_to_cart\" data-product_id=\"6390\" data-product_sku=\"\" aria-label=\"Add to cart: &ldquo;Everybody Grieves Differently&rdquo;\" rel=\"nofollow\" data-success_message=\"&ldquo;Everybody Grieves Differently&rdquo; has been added to your cart\">Add to cart<\/a>\t<span id=\"woocommerce_loop_add_to_cart_link_describedby_6390\" class=\"screen-reader-text\">\n\t\t\t<\/span>\n                <\/div>\n            <\/div>\n\t\t        <div class=\"qodef-woo-product-content\">\n\t\t\t<h4 itemprop=\"name\" class=\"qodef-woo-product-title entry-title\" >\n\t<a itemprop=\"url\" class=\"qodef-woo-product-title-link\" href=\"https:\/\/cosmopolit.hu\/en\/product\/everybody-grieves-differently\/\">\n\t\tEverybody Grieves Differently\t<\/a>\n<\/h4>\t\t\t\t\t\t\t\t<div class=\"qodef-woo-product-price price\"><span class=\"woocommerce-Price-amount amount\">4650&nbsp;<span class=\"woocommerce-Price-currencySymbol\">&#070;&#116;<\/span><\/span><\/div>\n\t\t\t\t        <\/div>\n\t\t<a href=\"https:\/\/cosmopolit.hu\/en\/product\/everybody-grieves-differently\/\" class=\"woocommerce-LoopProduct-link woocommerce-loop-product__link\"><\/a>    <\/div>\n<\/div><div class=\"qodef-e qodef-grid-item qodef-item--full product type-product post-6391 status-publish instock product_cat-e-book has-post-thumbnail downloadable virtual taxable purchasable product-type-simple\">\n    <div class=\"qodef-woo-product-inner\">\n\t\t            <div class=\"qodef-woo-product-image\">\n\t\t\t\t\t\t\t\t<img decoding=\"async\" width=\"2000\" height=\"2000\" src=\"https:\/\/cosmopolit.hu\/uploads\/2025\/11\/Everybody-Grieves_eBOOK-mockup.jpg\" class=\"attachment-full size-full\" alt=\"\" srcset=\"https:\/\/cosmopolit.hu\/uploads\/2025\/11\/Everybody-Grieves_eBOOK-mockup.jpg 2000w, https:\/\/cosmopolit.hu\/uploads\/2025\/11\/Everybody-Grieves_eBOOK-mockup-300x300.jpg 300w, https:\/\/cosmopolit.hu\/uploads\/2025\/11\/Everybody-Grieves_eBOOK-mockup-1024x1024.jpg 1024w, https:\/\/cosmopolit.hu\/uploads\/2025\/11\/Everybody-Grieves_eBOOK-mockup-150x150.jpg 150w, https:\/\/cosmopolit.hu\/uploads\/2025\/11\/Everybody-Grieves_eBOOK-mockup-768x768.jpg 768w, https:\/\/cosmopolit.hu\/uploads\/2025\/11\/Everybody-Grieves_eBOOK-mockup-1536x1536.jpg 1536w, https:\/\/cosmopolit.hu\/uploads\/2025\/11\/Everybody-Grieves_eBOOK-mockup-650x650.jpg 650w, https:\/\/cosmopolit.hu\/uploads\/2025\/11\/Everybody-Grieves_eBOOK-mockup-1300x1300.jpg 1300w, https:\/\/cosmopolit.hu\/uploads\/2025\/11\/Everybody-Grieves_eBOOK-mockup-600x600.jpg 600w, https:\/\/cosmopolit.hu\/uploads\/2025\/11\/Everybody-Grieves_eBOOK-mockup-100x100.jpg 100w\" sizes=\"(max-width: 2000px) 100vw, 2000px\" \/>                <div class=\"qodef-woo-product-image-inner\">\n\t\t\t\t\t<a href=\"?add-to-cart=6391\" aria-describedby=\"woocommerce_loop_add_to_cart_link_describedby_6391\" data-quantity=\"1\" class=\"button product_type_simple add_to_cart_button ajax_add_to_cart\" data-product_id=\"6391\" data-product_sku=\"\" aria-label=\"Add to cart: &ldquo;Everybody Grieves Differently&rdquo;\" rel=\"nofollow\" data-success_message=\"&ldquo;Everybody Grieves Differently&rdquo; has been added to your cart\">Add to cart<\/a>\t<span id=\"woocommerce_loop_add_to_cart_link_describedby_6391\" class=\"screen-reader-text\">\n\t\t\t<\/span>\n                <\/div>\n            <\/div>\n\t\t        <div class=\"qodef-woo-product-content\">\n\t\t\t<h4 itemprop=\"name\" class=\"qodef-woo-product-title entry-title\" >\n\t<a itemprop=\"url\" class=\"qodef-woo-product-title-link\" href=\"https:\/\/cosmopolit.hu\/en\/product\/everybody-grieves-differently-ebook\/\">\n\t\tEverybody Grieves Differently\t<\/a>\n<\/h4>\t\t\t\t\t\t\t\t<div class=\"qodef-woo-product-price price\"><span class=\"woocommerce-Price-amount amount\">3670&nbsp;<span class=\"woocommerce-Price-currencySymbol\">&#070;&#116;<\/span><\/span><\/div>\n\t\t\t\t        <\/div>\n\t\t<a href=\"https:\/\/cosmopolit.hu\/en\/product\/everybody-grieves-differently-ebook\/\" class=\"woocommerce-LoopProduct-link woocommerce-loop-product__link\"><\/a>    <\/div>\n<\/div><div class=\"qodef-e qodef-grid-item qodef-item--full product type-product post-6394 status-publish last instock product_cat-book has-post-thumbnail taxable shipping-taxable purchasable product-type-simple\">\n    <div class=\"qodef-woo-product-inner\">\n\t\t            <div class=\"qodef-woo-product-image\">\n\t\t\t\t\t\t\t\t<img decoding=\"async\" width=\"2000\" height=\"2000\" src=\"https:\/\/cosmopolit.hu\/uploads\/2025\/11\/The-Golden-River_BOOK-mockup_new.jpg\" class=\"attachment-full size-full wp-post-image\" alt=\"\" srcset=\"https:\/\/cosmopolit.hu\/uploads\/2025\/11\/The-Golden-River_BOOK-mockup_new.jpg 2000w, https:\/\/cosmopolit.hu\/uploads\/2025\/11\/The-Golden-River_BOOK-mockup_new-300x300.jpg 300w, https:\/\/cosmopolit.hu\/uploads\/2025\/11\/The-Golden-River_BOOK-mockup_new-1024x1024.jpg 1024w, https:\/\/cosmopolit.hu\/uploads\/2025\/11\/The-Golden-River_BOOK-mockup_new-150x150.jpg 150w, https:\/\/cosmopolit.hu\/uploads\/2025\/11\/The-Golden-River_BOOK-mockup_new-768x768.jpg 768w, https:\/\/cosmopolit.hu\/uploads\/2025\/11\/The-Golden-River_BOOK-mockup_new-1536x1536.jpg 1536w, https:\/\/cosmopolit.hu\/uploads\/2025\/11\/The-Golden-River_BOOK-mockup_new-650x650.jpg 650w, https:\/\/cosmopolit.hu\/uploads\/2025\/11\/The-Golden-River_BOOK-mockup_new-1300x1300.jpg 1300w, https:\/\/cosmopolit.hu\/uploads\/2025\/11\/The-Golden-River_BOOK-mockup_new-600x600.jpg 600w, https:\/\/cosmopolit.hu\/uploads\/2025\/11\/The-Golden-River_BOOK-mockup_new-100x100.jpg 100w\" sizes=\"(max-width: 2000px) 100vw, 2000px\" \/>                <div class=\"qodef-woo-product-image-inner\">\n\t\t\t\t\t<a href=\"?add-to-cart=6394\" aria-describedby=\"woocommerce_loop_add_to_cart_link_describedby_6394\" data-quantity=\"1\" class=\"button product_type_simple add_to_cart_button ajax_add_to_cart\" data-product_id=\"6394\" data-product_sku=\"\" aria-label=\"Add to cart: &ldquo;The Golden River&rdquo;\" rel=\"nofollow\" data-success_message=\"&ldquo;The Golden River&rdquo; has been added to your cart\">Add to cart<\/a>\t<span id=\"woocommerce_loop_add_to_cart_link_describedby_6394\" class=\"screen-reader-text\">\n\t\t\t<\/span>\n                <\/div>\n            <\/div>\n\t\t        <div class=\"qodef-woo-product-content\">\n\t\t\t<h4 itemprop=\"name\" class=\"qodef-woo-product-title entry-title\" >\n\t<a itemprop=\"url\" class=\"qodef-woo-product-title-link\" href=\"https:\/\/cosmopolit.hu\/en\/product\/golden-river\/\">\n\t\tThe Golden River\t<\/a>\n<\/h4>\t\t\t\t\t\t\t\t<div class=\"qodef-woo-product-price price\"><span class=\"woocommerce-Price-amount amount\">4650&nbsp;<span class=\"woocommerce-Price-currencySymbol\">&#070;&#116;<\/span><\/span><\/div>\n\t\t\t\t        <\/div>\n\t\t<a href=\"https:\/\/cosmopolit.hu\/en\/product\/golden-river\/\" class=\"woocommerce-LoopProduct-link woocommerce-loop-product__link\"><\/a>    <\/div>\n<\/div><div class=\"qodef-e qodef-grid-item qodef-item--full product type-product post-6395 status-publish first instock product_cat-e-book has-post-thumbnail downloadable virtual taxable purchasable product-type-simple\">\n    <div class=\"qodef-woo-product-inner\">\n\t\t            <div class=\"qodef-woo-product-image\">\n\t\t\t\t\t\t\t\t<img loading=\"lazy\" decoding=\"async\" width=\"2000\" height=\"2000\" src=\"https:\/\/cosmopolit.hu\/uploads\/2025\/11\/The-Golden-River_eBOOK-mockup_new.jpg\" class=\"attachment-full size-full wp-post-image\" alt=\"\" srcset=\"https:\/\/cosmopolit.hu\/uploads\/2025\/11\/The-Golden-River_eBOOK-mockup_new.jpg 2000w, https:\/\/cosmopolit.hu\/uploads\/2025\/11\/The-Golden-River_eBOOK-mockup_new-300x300.jpg 300w, https:\/\/cosmopolit.hu\/uploads\/2025\/11\/The-Golden-River_eBOOK-mockup_new-1024x1024.jpg 1024w, https:\/\/cosmopolit.hu\/uploads\/2025\/11\/The-Golden-River_eBOOK-mockup_new-150x150.jpg 150w, https:\/\/cosmopolit.hu\/uploads\/2025\/11\/The-Golden-River_eBOOK-mockup_new-768x768.jpg 768w, https:\/\/cosmopolit.hu\/uploads\/2025\/11\/The-Golden-River_eBOOK-mockup_new-1536x1536.jpg 1536w, https:\/\/cosmopolit.hu\/uploads\/2025\/11\/The-Golden-River_eBOOK-mockup_new-650x650.jpg 650w, https:\/\/cosmopolit.hu\/uploads\/2025\/11\/The-Golden-River_eBOOK-mockup_new-1300x1300.jpg 1300w, https:\/\/cosmopolit.hu\/uploads\/2025\/11\/The-Golden-River_eBOOK-mockup_new-600x600.jpg 600w, https:\/\/cosmopolit.hu\/uploads\/2025\/11\/The-Golden-River_eBOOK-mockup_new-100x100.jpg 100w\" sizes=\"(max-width: 2000px) 100vw, 2000px\" \/>                <div class=\"qodef-woo-product-image-inner\">\n\t\t\t\t\t<a href=\"?add-to-cart=6395\" aria-describedby=\"woocommerce_loop_add_to_cart_link_describedby_6395\" data-quantity=\"1\" class=\"button product_type_simple add_to_cart_button ajax_add_to_cart\" data-product_id=\"6395\" data-product_sku=\"\" aria-label=\"Add to cart: &ldquo;The Golden River&rdquo;\" rel=\"nofollow\" data-success_message=\"&ldquo;The Golden River&rdquo; has been added to your cart\">Add to cart<\/a>\t<span id=\"woocommerce_loop_add_to_cart_link_describedby_6395\" class=\"screen-reader-text\">\n\t\t\t<\/span>\n                <\/div>\n            <\/div>\n\t\t        <div class=\"qodef-woo-product-content\">\n\t\t\t<h4 itemprop=\"name\" class=\"qodef-woo-product-title entry-title\" >\n\t<a itemprop=\"url\" class=\"qodef-woo-product-title-link\" href=\"https:\/\/cosmopolit.hu\/en\/product\/golden-river-ebook\/\">\n\t\tThe Golden River\t<\/a>\n<\/h4>\t\t\t\t\t\t\t\t<div class=\"qodef-woo-product-price price\"><span class=\"woocommerce-Price-amount amount\">3670&nbsp;<span class=\"woocommerce-Price-currencySymbol\">&#070;&#116;<\/span><\/span><\/div>\n\t\t\t\t        <\/div>\n\t\t<a href=\"https:\/\/cosmopolit.hu\/en\/product\/golden-river-ebook\/\" class=\"woocommerce-LoopProduct-link woocommerce-loop-product__link\"><\/a>    <\/div>\n<\/div>\t<\/div>\n\t<\/div>\t\t\t\t<\/div>\n\t\t\t\t<\/div>\n\t\t\t\t\t<\/div>\n\t\t<\/div>\n\t\t\t\t\t<\/div>\n\t\t<\/section>\n\t\t\t\t<\/div>\n\t\t","protected":false},"excerpt":{"rendered":"<p>\u00d6sszes Book E-book Kos\u00e1rba Everybody Grieves Differently 4650&nbsp;&#070;&#116; Kos\u00e1rba Everybody Grieves Differently 3670&nbsp;&#070;&#116; Kos\u00e1rba The Golden River 4650&nbsp;&#070;&#116; Kos\u00e1rba The Golden River 3670&nbsp;&#070;&#116;<\/p>\n","protected":false},"author":1,"featured_media":0,"parent":0,"menu_order":0,"comment_status":"closed","ping_status":"closed","template":"page-full-width.php","meta":{"footnotes":""},"class_list":["post-6059","page","type-page","status-publish","hentry"],"yoast_head":"<!-- This site is optimized with the Yoast SEO plugin v26.5 - https:\/\/yoast.com\/wordpress\/plugins\/seo\/ -->\n<title>Books - Cosmopolit<\/title>\n<meta name=\"robots\" content=\"index, follow, max-snippet:-1, max-image-preview:large, max-video-preview:-1\" \/>\n<link rel=\"canonical\" href=\"https:\/\/cosmopolit.hu\/en\/books\/\" \/>\n<meta property=\"og:locale\" content=\"en_US\" \/>\n<meta property=\"og:type\" content=\"article\" \/>\n<meta property=\"og:title\" content=\"Books - Cosmopolit\" \/>\n<meta property=\"og:description\" content=\"\u00d6sszes Book E-book Kos\u00e1rba Everybody Grieves Differently 4650&nbsp;&#070;&#116; Kos\u00e1rba Everybody Grieves Differently 3670&nbsp;&#070;&#116; Kos\u00e1rba The Golden River 4650&nbsp;&#070;&#116; Kos\u00e1rba The Golden River 3670&nbsp;&#070;&#116;\" \/>\n<meta property=\"og:url\" content=\"https:\/\/cosmopolit.hu\/en\/books\/\" \/>\n<meta property=\"og:site_name\" content=\"Cosmopolit\" \/>\n<meta property=\"article:modified_time\" content=\"2025-11-21T12:43:37+00:00\" \/>\n<meta property=\"og:image\" content=\"https:\/\/cosmopolit.hu\/uploads\/2025\/11\/Everybody-Grieves_BOOK-mockup.jpg\" \/>\n<meta name=\"twitter:card\" content=\"summary_large_image\" \/>\n<meta name=\"twitter:label1\" content=\"Est. reading time\" \/>\n\t<meta name=\"twitter:data1\" content=\"1 minute\" \/>\n<script type=\"application\/ld+json\" class=\"yoast-schema-graph\">{\"@context\":\"https:\/\/schema.org\",\"@graph\":[{\"@type\":\"WebPage\",\"@id\":\"https:\/\/cosmopolit.hu\/en\/books\/\",\"url\":\"https:\/\/cosmopolit.hu\/en\/books\/\",\"name\":\"Books - Cosmopolit\",\"isPartOf\":{\"@id\":\"https:\/\/cosmopolit.hu\/#website\"},\"primaryImageOfPage\":{\"@id\":\"https:\/\/cosmopolit.hu\/en\/books\/#primaryimage\"},\"image\":{\"@id\":\"https:\/\/cosmopolit.hu\/en\/books\/#primaryimage\"},\"thumbnailUrl\":\"https:\/\/cosmopolit.hu\/uploads\/2025\/11\/Everybody-Grieves_BOOK-mockup.jpg\",\"datePublished\":\"2020-09-08T12:35:00+00:00\",\"dateModified\":\"2025-11-21T12:43:37+00:00\",\"breadcrumb\":{\"@id\":\"https:\/\/cosmopolit.hu\/en\/books\/#breadcrumb\"},\"inLanguage\":\"en-US\",\"potentialAction\":[{\"@type\":\"ReadAction\",\"target\":[\"https:\/\/cosmopolit.hu\/en\/books\/\"]}]},{\"@type\":\"ImageObject\",\"inLanguage\":\"en-US\",\"@id\":\"https:\/\/cosmopolit.hu\/en\/books\/#primaryimage\",\"url\":\"https:\/\/cosmopolit.hu\/uploads\/2025\/11\/Everybody-Grieves_BOOK-mockup.jpg\",\"contentUrl\":\"https:\/\/cosmopolit.hu\/uploads\/2025\/11\/Everybody-Grieves_BOOK-mockup.jpg\"},{\"@type\":\"BreadcrumbList\",\"@id\":\"https:\/\/cosmopolit.hu\/en\/books\/#breadcrumb\",\"itemListElement\":[{\"@type\":\"ListItem\",\"position\":1,\"name\":\"Home\",\"item\":\"https:\/\/cosmopolit.hu\/en\/\"},{\"@type\":\"ListItem\",\"position\":2,\"name\":\"Books\"}]},{\"@type\":\"WebSite\",\"@id\":\"https:\/\/cosmopolit.hu\/#website\",\"url\":\"https:\/\/cosmopolit.hu\/\",\"name\":\"Cosmopolit\",\"description\":\"Egy j\u00f3 t\u00f6rt\u00e9net mindig veled marad.\",\"potentialAction\":[{\"@type\":\"SearchAction\",\"target\":{\"@type\":\"EntryPoint\",\"urlTemplate\":\"https:\/\/cosmopolit.hu\/?s={search_term_string}\"},\"query-input\":{\"@type\":\"PropertyValueSpecification\",\"valueRequired\":true,\"valueName\":\"search_term_string\"}}],\"inLanguage\":\"en-US\"}]}<\/script>\n<!-- \/ Yoast SEO plugin. -->","yoast_head_json":{"title":"Books - Cosmopolit","robots":{"index":"index","follow":"follow","max-snippet":"max-snippet:-1","max-image-preview":"max-image-preview:large","max-video-preview":"max-video-preview:-1"},"canonical":"https:\/\/cosmopolit.hu\/en\/books\/","og_locale":"en_US","og_type":"article","og_title":"Books - Cosmopolit","og_description":"\u00d6sszes Book E-book Kos\u00e1rba Everybody Grieves Differently 4650&nbsp;&#070;&#116; Kos\u00e1rba Everybody Grieves Differently 3670&nbsp;&#070;&#116; Kos\u00e1rba The Golden River 4650&nbsp;&#070;&#116; Kos\u00e1rba The Golden River 3670&nbsp;&#070;&#116;","og_url":"https:\/\/cosmopolit.hu\/en\/books\/","og_site_name":"Cosmopolit","article_modified_time":"2025-11-21T12:43:37+00:00","og_image":[{"url":"https:\/\/cosmopolit.hu\/uploads\/2025\/11\/Everybody-Grieves_BOOK-mockup.jpg","type":"","width":"","height":""}],"twitter_card":"summary_large_image","twitter_misc":{"Est. reading time":"1 minute"},"schema":{"@context":"https:\/\/schema.org","@graph":[{"@type":"WebPage","@id":"https:\/\/cosmopolit.hu\/en\/books\/","url":"https:\/\/cosmopolit.hu\/en\/books\/","name":"Books - Cosmopolit","isPartOf":{"@id":"https:\/\/cosmopolit.hu\/#website"},"primaryImageOfPage":{"@id":"https:\/\/cosmopolit.hu\/en\/books\/#primaryimage"},"image":{"@id":"https:\/\/cosmopolit.hu\/en\/books\/#primaryimage"},"thumbnailUrl":"https:\/\/cosmopolit.hu\/uploads\/2025\/11\/Everybody-Grieves_BOOK-mockup.jpg","datePublished":"2020-09-08T12:35:00+00:00","dateModified":"2025-11-21T12:43:37+00:00","breadcrumb":{"@id":"https:\/\/cosmopolit.hu\/en\/books\/#breadcrumb"},"inLanguage":"en-US","potentialAction":[{"@type":"ReadAction","target":["https:\/\/cosmopolit.hu\/en\/books\/"]}]},{"@type":"ImageObject","inLanguage":"en-US","@id":"https:\/\/cosmopolit.hu\/en\/books\/#primaryimage","url":"https:\/\/cosmopolit.hu\/uploads\/2025\/11\/Everybody-Grieves_BOOK-mockup.jpg","contentUrl":"https:\/\/cosmopolit.hu\/uploads\/2025\/11\/Everybody-Grieves_BOOK-mockup.jpg"},{"@type":"BreadcrumbList","@id":"https:\/\/cosmopolit.hu\/en\/books\/#breadcrumb","itemListElement":[{"@type":"ListItem","position":1,"name":"Home","item":"https:\/\/cosmopolit.hu\/en\/"},{"@type":"ListItem","position":2,"name":"Books"}]},{"@type":"WebSite","@id":"https:\/\/cosmopolit.hu\/#website","url":"https:\/\/cosmopolit.hu\/","name":"Cosmopolit","description":"Egy j\u00f3 t\u00f6rt\u00e9net mindig veled marad.","potentialAction":[{"@type":"SearchAction","target":{"@type":"EntryPoint","urlTemplate":"https:\/\/cosmopolit.hu\/?s={search_term_string}"},"query-input":{"@type":"PropertyValueSpecification","valueRequired":true,"valueName":"search_term_string"}}],"inLanguage":"en-US"}]}},"_links":{"self":[{"href":"https:\/\/cosmopolit.hu\/en\/wp-json\/wp\/v2\/pages\/6059","targetHints":{"allow":["GET"]}}],"collection":[{"href":"https:\/\/cosmopolit.hu\/en\/wp-json\/wp\/v2\/pages"}],"about":[{"href":"https:\/\/cosmopolit.hu\/en\/wp-json\/wp\/v2\/types\/page"}],"author":[{"embeddable":true,"href":"https:\/\/cosmopolit.hu\/en\/wp-json\/wp\/v2\/users\/1"}],"replies":[{"embeddable":true,"href":"https:\/\/cosmopolit.hu\/en\/wp-json\/wp\/v2\/comments?post=6059"}],"version-history":[{"count":4,"href":"https:\/\/cosmopolit.hu\/en\/wp-json\/wp\/v2\/pages\/6059\/revisions"}],"predecessor-version":[{"id":6623,"href":"https:\/\/cosmopolit.hu\/en\/wp-json\/wp\/v2\/pages\/6059\/revisions\/6623"}],"wp:attachment":[{"href":"https:\/\/cosmopolit.hu\/en\/wp-json\/wp\/v2\/media?parent=6059"}],"curies":[{"name":"wp","href":"https:\/\/api.w.org\/{rel}","templated":true}]}}