{"id":6068,"date":"2020-09-11T15:38:44","date_gmt":"2020-09-11T13:38:44","guid":{"rendered":"https:\/\/cosmopolit.hu\/contact-us\/"},"modified":"2025-11-11T14:42:42","modified_gmt":"2025-11-11T13:42:42","slug":"contact-us","status":"publish","type":"page","link":"https:\/\/cosmopolit.hu\/en\/contact-us\/","title":{"rendered":"Contact us"},"content":{"rendered":"\t\t<div data-elementor-type=\"wp-page\" data-elementor-id=\"6068\" class=\"elementor elementor-6068 elementor-2336\">\n\t\t\t\t\t\t<section class=\"elementor-section elementor-top-section elementor-element elementor-element-525e22d qodef-elementor-content-grid elementor-section-boxed elementor-section-height-default elementor-section-height-default\" data-id=\"525e22d\" data-element_type=\"section\">\n\t\t\t\t\t\t<div class=\"elementor-container elementor-column-gap-default\">\n\t\t\t\t\t<div class=\"elementor-column elementor-col-100 elementor-top-column elementor-element elementor-element-14f8bcf\" data-id=\"14f8bcf\" data-element_type=\"column\">\n\t\t\t<div class=\"elementor-widget-wrap elementor-element-populated\">\n\t\t\t\t\t\t<div class=\"elementor-element elementor-element-2ecaa7d elementor-widget elementor-widget-belletrist_core_section_title\" data-id=\"2ecaa7d\" data-element_type=\"widget\" data-widget_type=\"belletrist_core_section_title.default\">\n\t\t\t\t<div class=\"elementor-widget-container\">\n\t\t\t\t\t<div class=\"qodef-shortcode qodef-m  qodef-section-title qodef-alignment--left \">\n\t\t\t<h1 class=\"qodef-m-title\" style=\"color: #000000\">\n\t\t\t\t\tContact\t\t\t<\/h1>\n\t\t<span class=\"qodef-m-separator\" style=\"margin-top: 19px\"><\/span>\n\t<\/div>\t\t\t\t<\/div>\n\t\t\t\t<\/div>\n\t\t\t\t\t<\/div>\n\t\t<\/div>\n\t\t\t\t\t<\/div>\n\t\t<\/section>\n\t\t\t\t<section class=\"elementor-section elementor-top-section elementor-element elementor-element-95ae278 qodef-elementor-content-grid elementor-section-boxed elementor-section-height-default elementor-section-height-default\" data-id=\"95ae278\" data-element_type=\"section\">\n\t\t\t\t\t\t<div class=\"elementor-container elementor-column-gap-default\">\n\t\t\t\t\t<div class=\"elementor-column elementor-col-100 elementor-top-column elementor-element elementor-element-ca42038\" data-id=\"ca42038\" data-element_type=\"column\">\n\t\t\t<div class=\"elementor-widget-wrap elementor-element-populated\">\n\t\t\t\t\t\t<div class=\"elementor-element elementor-element-6916d76 elementor-widget elementor-widget-text-editor\" data-id=\"6916d76\" data-element_type=\"widget\" data-widget_type=\"text-editor.default\">\n\t\t\t\t\t\t\t\t\t<h3 style=\"margin-bottom: 12px;\"><span style=\"font-weight: 400;\">Cosmopolit Publishing Ltd.<\/span><\/h3><p><a href=\"https:\/\/maps.app.goo.gl\/hPD3Wu364JnosDVt6\" target=\"_blank\" rel=\"noopener\">1033 Budapest, Kasz\u00e1sd\u0171l\u0151 utca 5. Ground floor 1.<\/a><\/p><p>Distribution: <a href=\"mailto:terjesztes@cosmopolit.hu\">terjesztes@cosmopolit.hu<\/a><\/p><p>Publisher: Dr. D\u00e1vid Guly\u00e1s<\/p><p>Editor-in-chief: S\u00e1ndor J\u00e1szber\u00e9nyi<\/p>\t\t\t\t\t\t\t\t<\/div>\n\t\t\t\t\t<\/div>\n\t\t<\/div>\n\t\t\t\t\t<\/div>\n\t\t<\/section>\n\t\t\t\t<section class=\"elementor-section elementor-top-section elementor-element elementor-element-055ff80 qodef-elementor-content-grid elementor-reverse-tablet elementor-reverse-mobile elementor-section-boxed elementor-section-height-default elementor-section-height-default\" data-id=\"055ff80\" data-element_type=\"section\">\n\t\t\t\t\t\t<div class=\"elementor-container elementor-column-gap-default\">\n\t\t\t\t\t<div class=\"elementor-column elementor-col-50 elementor-top-column elementor-element elementor-element-a06f2f6\" data-id=\"a06f2f6\" data-element_type=\"column\">\n\t\t\t<div class=\"elementor-widget-wrap elementor-element-populated\">\n\t\t\t\t\t\t<div class=\"elementor-element elementor-element-592961f elementor-widget elementor-widget-belletrist_core_section_title\" data-id=\"592961f\" data-element_type=\"widget\" data-widget_type=\"belletrist_core_section_title.default\">\n\t\t\t\t<div class=\"elementor-widget-container\">\n\t\t\t\t\t<div class=\"qodef-shortcode qodef-m  qodef-section-title qodef-alignment--left \">\n\t\t\t<h2 class=\"qodef-m-title\" style=\"color: #000000\">\n\t\t\t\t\tContact us!\t\t\t<\/h2>\n\t\t<\/div>\t\t\t\t<\/div>\n\t\t\t\t<\/div>\n\t\t\t\t<div class=\"elementor-element elementor-element-544086e elementor-widget elementor-widget-wp-widget-belletrist_core_contact_form_7\" data-id=\"544086e\" data-element_type=\"widget\" data-widget_type=\"wp-widget-belletrist_core_contact_form_7.default\">\n\t\t\t\t<div class=\"elementor-widget-container\">\n\t\t\t\t\t\t\t\t<div class=\"qodef-contact-form-7\">\n\t\t\t\t\n<div class=\"wpcf7 no-js\" id=\"wpcf7-f6078-o1\" lang=\"en-US\" dir=\"ltr\" data-wpcf7-id=\"6078\">\n<div class=\"screen-reader-response\"><p role=\"status\" aria-live=\"polite\" aria-atomic=\"true\"><\/p> <ul><\/ul><\/div>\n<form action=\"\/en\/wp-json\/wp\/v2\/pages\/6068#wpcf7-f6078-o1\" method=\"post\" class=\"wpcf7-form init\" aria-label=\"Contact form\" enctype=\"multipart\/form-data\" novalidate=\"novalidate\" data-status=\"init\">\n<fieldset class=\"hidden-fields-container\"><input type=\"hidden\" name=\"_wpcf7\" value=\"6078\" \/><input type=\"hidden\" name=\"_wpcf7_version\" value=\"6.1.4\" \/><input type=\"hidden\" name=\"_wpcf7_locale\" value=\"en_US\" \/><input type=\"hidden\" name=\"_wpcf7_unit_tag\" value=\"wpcf7-f6078-o1\" \/><input type=\"hidden\" name=\"_wpcf7_container_post\" value=\"0\" \/><input type=\"hidden\" name=\"_wpcf7_posted_data_hash\" value=\"\" \/>\n<\/fieldset>\n<div class=\"qodef-cf-with-icons\">\n\t<p><br \/>\n<span class=\"wpcf7-form-control-wrap\" data-name=\"your-message\"><textarea cols=\"40\" rows=\"7\" maxlength=\"2000\" class=\"wpcf7-form-control wpcf7-textarea\" aria-invalid=\"false\" name=\"your-message\"><\/textarea><\/span>\n\t<\/p>\n\t<div class=\"qodef-cf-row\">\n\t\t<div class=\"qodef-cf-column\">\n\t\t\t<p><span class=\"wpcf7-form-control-wrap\" data-name=\"your-email\"><input size=\"40\" maxlength=\"400\" class=\"wpcf7-form-control wpcf7-email wpcf7-validates-as-required wpcf7-text wpcf7-validates-as-email\" aria-required=\"true\" aria-invalid=\"false\" placeholder=\"E-mail address\" value=\"\" type=\"email\" name=\"your-email\" \/><\/span>\n\t\t\t<\/p>\n\t\t<\/div>\n\t\t<div class=\"qodef-cf-column\">\n\t\t\t<p><span class=\"wpcf7-form-control-wrap\" data-name=\"your-name\"><input size=\"40\" maxlength=\"400\" class=\"wpcf7-form-control wpcf7-text wpcf7-validates-as-required\" aria-required=\"true\" aria-invalid=\"false\" placeholder=\"Full name\" value=\"\" type=\"text\" name=\"your-name\" \/><\/span>\n\t\t\t<\/p>\n\t\t<\/div>\n\t<\/div>\n\t<p><span class=\"wpcf7-form-control-wrap\" data-name=\"your-file\"><input size=\"40\" class=\"wpcf7-form-control wpcf7-file\" accept=\".pdf,.docx,.jpg,.jpeg,.png\" aria-invalid=\"false\" type=\"file\" name=\"your-file\" \/><\/span><br \/>\n<button class=\"wpcf7-form-control wpcf7-submit qodef-button qodef-size--normal qodef-layout--outlined qodef-m\" type=\"submit\"><span class=\"qodef-m-text\">Send<\/span><\/button>\n\t<\/p>\n<\/div><div class=\"wpcf7-response-output\" aria-hidden=\"true\"><\/div>\n<\/form>\n<\/div>\n\t\t\t<\/div>\n\t\t\t\t\t\t\t<\/div>\n\t\t\t\t<\/div>\n\t\t\t\t\t<\/div>\n\t\t<\/div>\n\t\t\t\t<div class=\"elementor-column elementor-col-50 elementor-top-column elementor-element elementor-element-f5c0121\" data-id=\"f5c0121\" data-element_type=\"column\">\n\t\t\t<div class=\"elementor-widget-wrap elementor-element-populated\">\n\t\t\t\t\t\t<div class=\"elementor-element elementor-element-4ca989c elementor-widget elementor-widget-image\" data-id=\"4ca989c\" data-element_type=\"widget\" data-widget_type=\"image.default\">\n\t\t\t\t\t\t\t\t\t\t\t\t\t\t\t<img fetchpriority=\"high\" decoding=\"async\" width=\"1024\" height=\"768\" src=\"https:\/\/cosmopolit.hu\/uploads\/2025\/07\/A-lelek-legszebb-ejszakaja-BOOK-open-mockup-1024x768.png\" class=\"attachment-large size-large wp-image-6194\" alt=\"\" srcset=\"https:\/\/cosmopolit.hu\/uploads\/2025\/07\/A-lelek-legszebb-ejszakaja-BOOK-open-mockup-1024x768.png 1024w, https:\/\/cosmopolit.hu\/uploads\/2025\/07\/A-lelek-legszebb-ejszakaja-BOOK-open-mockup-300x225.png 300w, https:\/\/cosmopolit.hu\/uploads\/2025\/07\/A-lelek-legszebb-ejszakaja-BOOK-open-mockup-768x576.png 768w, https:\/\/cosmopolit.hu\/uploads\/2025\/07\/A-lelek-legszebb-ejszakaja-BOOK-open-mockup-1536x1152.png 1536w, https:\/\/cosmopolit.hu\/uploads\/2025\/07\/A-lelek-legszebb-ejszakaja-BOOK-open-mockup-600x450.png 600w, https:\/\/cosmopolit.hu\/uploads\/2025\/07\/A-lelek-legszebb-ejszakaja-BOOK-open-mockup.png 2000w\" sizes=\"(max-width: 1024px) 100vw, 1024px\" \/>\t\t\t\t\t\t\t\t\t\t\t\t\t\t\t<\/div>\n\t\t\t\t\t<\/div>\n\t\t<\/div>\n\t\t\t\t\t<\/div>\n\t\t<\/section>\n\t\t\t\t<\/div>\n\t\t","protected":false},"excerpt":{"rendered":"<p>Contact Cosmopolit Publishing Ltd. 1033 Budapest, Kasz\u00e1sd\u0171l\u0151 utca 5. Ground floor 1. Distribution: terjesztes@cosmopolit.hu Publisher: Dr. D\u00e1vid Guly\u00e1s Editor-in-chief: S\u00e1ndor J\u00e1szber\u00e9nyi Contact us!<\/p>\n","protected":false},"author":1,"featured_media":0,"parent":0,"menu_order":0,"comment_status":"closed","ping_status":"closed","template":"","meta":{"footnotes":""},"class_list":["post-6068","page","type-page","status-publish","hentry"],"yoast_head":"<!-- This site is optimized with the Yoast SEO plugin v26.5 - https:\/\/yoast.com\/wordpress\/plugins\/seo\/ -->\n<title>Contact us - Cosmopolit<\/title>\n<meta name=\"robots\" content=\"index, follow, max-snippet:-1, max-image-preview:large, max-video-preview:-1\" \/>\n<link rel=\"canonical\" href=\"https:\/\/cosmopolit.hu\/en\/contact-us\/\" \/>\n<meta property=\"og:locale\" content=\"en_US\" \/>\n<meta property=\"og:type\" content=\"article\" \/>\n<meta property=\"og:title\" content=\"Contact us - Cosmopolit\" \/>\n<meta property=\"og:description\" content=\"Contact Cosmopolit Publishing Ltd. 1033 Budapest, Kasz\u00e1sd\u0171l\u0151 utca 5. Ground floor 1. Distribution: terjesztes@cosmopolit.hu Publisher: Dr. D\u00e1vid Guly\u00e1s Editor-in-chief: S\u00e1ndor J\u00e1szber\u00e9nyi Contact us!\" \/>\n<meta property=\"og:url\" content=\"https:\/\/cosmopolit.hu\/en\/contact-us\/\" \/>\n<meta property=\"og:site_name\" content=\"Cosmopolit\" \/>\n<meta property=\"article:modified_time\" content=\"2025-11-11T13:42:42+00:00\" \/>\n<meta property=\"og:image\" content=\"https:\/\/cosmopolit.hu\/uploads\/2025\/07\/A-lelek-legszebb-ejszakaja-BOOK-open-mockup.png\" \/>\n\t<meta property=\"og:image:width\" content=\"2000\" \/>\n\t<meta property=\"og:image:height\" content=\"1500\" \/>\n\t<meta property=\"og:image:type\" content=\"image\/png\" \/>\n<meta name=\"twitter:card\" content=\"summary_large_image\" \/>\n<meta name=\"twitter:label1\" content=\"Est. reading time\" \/>\n\t<meta name=\"twitter:data1\" content=\"1 minute\" \/>\n<script type=\"application\/ld+json\" class=\"yoast-schema-graph\">{\"@context\":\"https:\/\/schema.org\",\"@graph\":[{\"@type\":\"WebPage\",\"@id\":\"https:\/\/cosmopolit.hu\/en\/contact-us\/\",\"url\":\"https:\/\/cosmopolit.hu\/en\/contact-us\/\",\"name\":\"Contact us - Cosmopolit\",\"isPartOf\":{\"@id\":\"https:\/\/cosmopolit.hu\/#website\"},\"primaryImageOfPage\":{\"@id\":\"https:\/\/cosmopolit.hu\/en\/contact-us\/#primaryimage\"},\"image\":{\"@id\":\"https:\/\/cosmopolit.hu\/en\/contact-us\/#primaryimage\"},\"thumbnailUrl\":\"https:\/\/cosmopolit.hu\/uploads\/2025\/07\/A-lelek-legszebb-ejszakaja-BOOK-open-mockup-1024x768.png\",\"datePublished\":\"2020-09-11T13:38:44+00:00\",\"dateModified\":\"2025-11-11T13:42:42+00:00\",\"breadcrumb\":{\"@id\":\"https:\/\/cosmopolit.hu\/en\/contact-us\/#breadcrumb\"},\"inLanguage\":\"en-US\",\"potentialAction\":[{\"@type\":\"ReadAction\",\"target\":[\"https:\/\/cosmopolit.hu\/en\/contact-us\/\"]}]},{\"@type\":\"ImageObject\",\"inLanguage\":\"en-US\",\"@id\":\"https:\/\/cosmopolit.hu\/en\/contact-us\/#primaryimage\",\"url\":\"https:\/\/cosmopolit.hu\/uploads\/2025\/07\/A-lelek-legszebb-ejszakaja-BOOK-open-mockup-1024x768.png\",\"contentUrl\":\"https:\/\/cosmopolit.hu\/uploads\/2025\/07\/A-lelek-legszebb-ejszakaja-BOOK-open-mockup-1024x768.png\"},{\"@type\":\"BreadcrumbList\",\"@id\":\"https:\/\/cosmopolit.hu\/en\/contact-us\/#breadcrumb\",\"itemListElement\":[{\"@type\":\"ListItem\",\"position\":1,\"name\":\"Home\",\"item\":\"https:\/\/cosmopolit.hu\/en\/\"},{\"@type\":\"ListItem\",\"position\":2,\"name\":\"Contact us\"}]},{\"@type\":\"WebSite\",\"@id\":\"https:\/\/cosmopolit.hu\/#website\",\"url\":\"https:\/\/cosmopolit.hu\/\",\"name\":\"Cosmopolit\",\"description\":\"Egy j\u00f3 t\u00f6rt\u00e9net mindig veled marad.\",\"potentialAction\":[{\"@type\":\"SearchAction\",\"target\":{\"@type\":\"EntryPoint\",\"urlTemplate\":\"https:\/\/cosmopolit.hu\/?s={search_term_string}\"},\"query-input\":{\"@type\":\"PropertyValueSpecification\",\"valueRequired\":true,\"valueName\":\"search_term_string\"}}],\"inLanguage\":\"en-US\"}]}<\/script>\n<!-- \/ Yoast SEO plugin. -->","yoast_head_json":{"title":"Contact us - Cosmopolit","robots":{"index":"index","follow":"follow","max-snippet":"max-snippet:-1","max-image-preview":"max-image-preview:large","max-video-preview":"max-video-preview:-1"},"canonical":"https:\/\/cosmopolit.hu\/en\/contact-us\/","og_locale":"en_US","og_type":"article","og_title":"Contact us - Cosmopolit","og_description":"Contact Cosmopolit Publishing Ltd. 1033 Budapest, Kasz\u00e1sd\u0171l\u0151 utca 5. Ground floor 1. Distribution: terjesztes@cosmopolit.hu Publisher: Dr. D\u00e1vid Guly\u00e1s Editor-in-chief: S\u00e1ndor J\u00e1szber\u00e9nyi Contact us!","og_url":"https:\/\/cosmopolit.hu\/en\/contact-us\/","og_site_name":"Cosmopolit","article_modified_time":"2025-11-11T13:42:42+00:00","og_image":[{"width":2000,"height":1500,"url":"https:\/\/cosmopolit.hu\/uploads\/2025\/07\/A-lelek-legszebb-ejszakaja-BOOK-open-mockup.png","type":"image\/png"}],"twitter_card":"summary_large_image","twitter_misc":{"Est. reading time":"1 minute"},"schema":{"@context":"https:\/\/schema.org","@graph":[{"@type":"WebPage","@id":"https:\/\/cosmopolit.hu\/en\/contact-us\/","url":"https:\/\/cosmopolit.hu\/en\/contact-us\/","name":"Contact us - Cosmopolit","isPartOf":{"@id":"https:\/\/cosmopolit.hu\/#website"},"primaryImageOfPage":{"@id":"https:\/\/cosmopolit.hu\/en\/contact-us\/#primaryimage"},"image":{"@id":"https:\/\/cosmopolit.hu\/en\/contact-us\/#primaryimage"},"thumbnailUrl":"https:\/\/cosmopolit.hu\/uploads\/2025\/07\/A-lelek-legszebb-ejszakaja-BOOK-open-mockup-1024x768.png","datePublished":"2020-09-11T13:38:44+00:00","dateModified":"2025-11-11T13:42:42+00:00","breadcrumb":{"@id":"https:\/\/cosmopolit.hu\/en\/contact-us\/#breadcrumb"},"inLanguage":"en-US","potentialAction":[{"@type":"ReadAction","target":["https:\/\/cosmopolit.hu\/en\/contact-us\/"]}]},{"@type":"ImageObject","inLanguage":"en-US","@id":"https:\/\/cosmopolit.hu\/en\/contact-us\/#primaryimage","url":"https:\/\/cosmopolit.hu\/uploads\/2025\/07\/A-lelek-legszebb-ejszakaja-BOOK-open-mockup-1024x768.png","contentUrl":"https:\/\/cosmopolit.hu\/uploads\/2025\/07\/A-lelek-legszebb-ejszakaja-BOOK-open-mockup-1024x768.png"},{"@type":"BreadcrumbList","@id":"https:\/\/cosmopolit.hu\/en\/contact-us\/#breadcrumb","itemListElement":[{"@type":"ListItem","position":1,"name":"Home","item":"https:\/\/cosmopolit.hu\/en\/"},{"@type":"ListItem","position":2,"name":"Contact us"}]},{"@type":"WebSite","@id":"https:\/\/cosmopolit.hu\/#website","url":"https:\/\/cosmopolit.hu\/","name":"Cosmopolit","description":"Egy j\u00f3 t\u00f6rt\u00e9net mindig veled marad.","potentialAction":[{"@type":"SearchAction","target":{"@type":"EntryPoint","urlTemplate":"https:\/\/cosmopolit.hu\/?s={search_term_string}"},"query-input":{"@type":"PropertyValueSpecification","valueRequired":true,"valueName":"search_term_string"}}],"inLanguage":"en-US"}]}},"_links":{"self":[{"href":"https:\/\/cosmopolit.hu\/en\/wp-json\/wp\/v2\/pages\/6068","targetHints":{"allow":["GET"]}}],"collection":[{"href":"https:\/\/cosmopolit.hu\/en\/wp-json\/wp\/v2\/pages"}],"about":[{"href":"https:\/\/cosmopolit.hu\/en\/wp-json\/wp\/v2\/types\/page"}],"author":[{"embeddable":true,"href":"https:\/\/cosmopolit.hu\/en\/wp-json\/wp\/v2\/users\/1"}],"replies":[{"embeddable":true,"href":"https:\/\/cosmopolit.hu\/en\/wp-json\/wp\/v2\/comments?post=6068"}],"version-history":[{"count":18,"href":"https:\/\/cosmopolit.hu\/en\/wp-json\/wp\/v2\/pages\/6068\/revisions"}],"predecessor-version":[{"id":6402,"href":"https:\/\/cosmopolit.hu\/en\/wp-json\/wp\/v2\/pages\/6068\/revisions\/6402"}],"wp:attachment":[{"href":"https:\/\/cosmopolit.hu\/en\/wp-json\/wp\/v2\/media?parent=6068"}],"curies":[{"name":"wp","href":"https:\/\/api.w.org\/{rel}","templated":true}]}}