{"id":6099,"date":"2025-07-03T10:24:35","date_gmt":"2025-07-03T08:24:35","guid":{"rendered":"https:\/\/cosmopolit.hu\/cart\/"},"modified":"2025-10-07T13:59:15","modified_gmt":"2025-10-07T11:59:15","slug":"cart","status":"publish","type":"page","link":"https:\/\/cosmopolit.hu\/en\/cart\/","title":{"rendered":"Cart"},"content":{"rendered":"\n<div data-block-name=\"woocommerce\/cart\" data-translated-with-w-p-m-l-t-m=\"1\" class=\"wp-block-woocommerce-cart alignwide is-loading\">\n<div data-block-name=\"woocommerce\/filled-cart-block\" data-translated-with-w-p-m-l-t-m=\"1\" class=\"wp-block-woocommerce-filled-cart-block\">\n<div data-block-name=\"woocommerce\/cart-items-block\" data-translated-with-w-p-m-l-t-m=\"1\" class=\"wp-block-woocommerce-cart-items-block\">\n<div data-block-name=\"woocommerce\/cart-line-items-block\" data-translated-with-w-p-m-l-t-m=\"1\" class=\"wp-block-woocommerce-cart-line-items-block\"><\/div><br>\n\n\n\n<div data-block-name=\"woocommerce\/cart-cross-sells-block\" data-translated-with-w-p-m-l-t-m=\"1\" class=\"wp-block-woocommerce-cart-cross-sells-block\">\n<h2 class=\"wp-block-heading has-large-font-size\">You may be interested in\u2026<\/h2>\n\n\n\n<div data-block-name=\"woocommerce\/cart-cross-sells-products-block\" data-translated-with-w-p-m-l-t-m=\"1\" class=\"wp-block-woocommerce-cart-cross-sells-products-block\"><\/div><br>\n<\/div>\n<\/div>\n\n\n\n<div data-block-name=\"woocommerce\/cart-totals-block\" data-translated-with-w-p-m-l-t-m=\"1\" class=\"wp-block-woocommerce-cart-totals-block\">\n<div data-block-name=\"woocommerce\/cart-order-summary-block\" data-translated-with-w-p-m-l-t-m=\"1\" class=\"wp-block-woocommerce-cart-order-summary-block\">\n<div data-block-name=\"woocommerce\/cart-order-summary-heading-block\" class=\"wp-block-woocommerce-cart-order-summary-heading-block\"><\/div><div data-block-name=\"woocommerce\/cart-order-summary-coupon-form-block\" data-translated-with-w-p-m-l-t-m=\"1\" class=\"wp-block-woocommerce-cart-order-summary-coupon-form-block\"><\/div><br><br><br><br><br><div data-block-name=\"woocommerce\/cart-order-summary-totals-block\" class=\"wp-block-woocommerce-cart-order-summary-totals-block\">\n<div data-block-name=\"woocommerce\/cart-order-summary-subtotal-block\" data-translated-with-w-p-m-l-t-m=\"1\" class=\"wp-block-woocommerce-cart-order-summary-subtotal-block\"><\/div>\n<div data-block-name=\"woocommerce\/cart-order-summary-discount-block\" data-translated-with-w-p-m-l-t-m=\"1\" class=\"wp-block-woocommerce-cart-order-summary-discount-block\"><\/div>\n<div data-block-name=\"woocommerce\/cart-order-summary-fee-block\" data-translated-with-w-p-m-l-t-m=\"1\" class=\"wp-block-woocommerce-cart-order-summary-fee-block\"><\/div>\n<div data-block-name=\"woocommerce\/cart-order-summary-shipping-block\" data-translated-with-w-p-m-l-t-m=\"1\" class=\"wp-block-woocommerce-cart-order-summary-shipping-block\"><\/div>\n<div data-block-name=\"woocommerce\/cart-order-summary-taxes-block\" data-translated-with-w-p-m-l-t-m=\"1\" class=\"wp-block-woocommerce-cart-order-summary-taxes-block\"><\/div><\/div><br>\n<\/div>\n\n\n\n<div data-block-name=\"woocommerce\/cart-express-payment-block\" data-button-border-radius=\"4\" data-button-height=\"48\" data-show-button-styles=\"false\" data-translated-with-w-p-m-l-t-m=\"1\" class=\"wp-block-woocommerce-cart-express-payment-block\"><\/div><br>\n\n\n\n<div data-block-name=\"woocommerce\/proceed-to-checkout-block\" class=\"wp-block-woocommerce-proceed-to-checkout-block\"><\/div>\n\n\n\n<div data-block-name=\"woocommerce\/cart-accepted-payment-methods-block\" data-translated-with-w-p-m-l-t-m=\"1\" class=\"wp-block-woocommerce-cart-accepted-payment-methods-block\"><\/div><br>\n<\/div>\n<\/div>\n\n\n\n<div data-block-name=\"woocommerce\/empty-cart-block\" data-translated-with-w-p-m-l-t-m=\"1\" class=\"wp-block-woocommerce-empty-cart-block\">\n<h2 class=\"wp-block-heading has-text-align-center with-empty-cart-icon wc-block-cart__empty-cart__title\">Your cart is currently empty!<\/h2>\n\n\n\n<hr class=\"wp-block-separator has-alpha-channel-opacity is-style-dots\"\/>\n\n\n\n<h2 class=\"wp-block-heading has-text-align-center\">New in store<\/h2>\n\n\n<div data-block-name=\"woocommerce\/product-new\" data-columns=\"4\" data-rows=\"1\" class=\"wc-block-grid wp-block-product-new wp-block-woocommerce-product-new wc-block-product-new has-4-columns\"><ul class=\"wc-block-grid__products\"><li class=\"wc-block-grid__product\">\n\t\t\t\t<a href=\"https:\/\/cosmopolit.hu\/en\/product\/golden-river\/\" class=\"wc-block-grid__product-link\">\n\t\t\t\t\t\n\t\t\t\t\t<div class=\"wc-block-grid__product-image\"><img fetchpriority=\"high\" decoding=\"async\" width=\"300\" height=\"300\" src=\"https:\/\/cosmopolit.hu\/uploads\/2025\/11\/The-Golden-River_BOOK-mockup_new-300x300.jpg\" class=\"attachment-woocommerce_thumbnail size-woocommerce_thumbnail\" alt=\"The Golden River\" srcset=\"https:\/\/cosmopolit.hu\/uploads\/2025\/11\/The-Golden-River_BOOK-mockup_new-300x300.jpg 300w, https:\/\/cosmopolit.hu\/uploads\/2025\/11\/The-Golden-River_BOOK-mockup_new-1024x1024.jpg 1024w, https:\/\/cosmopolit.hu\/uploads\/2025\/11\/The-Golden-River_BOOK-mockup_new-150x150.jpg 150w, https:\/\/cosmopolit.hu\/uploads\/2025\/11\/The-Golden-River_BOOK-mockup_new-768x768.jpg 768w, https:\/\/cosmopolit.hu\/uploads\/2025\/11\/The-Golden-River_BOOK-mockup_new-1536x1536.jpg 1536w, https:\/\/cosmopolit.hu\/uploads\/2025\/11\/The-Golden-River_BOOK-mockup_new-650x650.jpg 650w, https:\/\/cosmopolit.hu\/uploads\/2025\/11\/The-Golden-River_BOOK-mockup_new-1300x1300.jpg 1300w, https:\/\/cosmopolit.hu\/uploads\/2025\/11\/The-Golden-River_BOOK-mockup_new-600x600.jpg 600w, https:\/\/cosmopolit.hu\/uploads\/2025\/11\/The-Golden-River_BOOK-mockup_new-100x100.jpg 100w, https:\/\/cosmopolit.hu\/uploads\/2025\/11\/The-Golden-River_BOOK-mockup_new.jpg 2000w\" sizes=\"(max-width: 300px) 100vw, 300px\" \/><\/div>\n\t\t\t\t\t<div class=\"wc-block-grid__product-title\">The Golden River<\/div>\n\t\t\t\t<\/a>\n\t\t\t\t<div class=\"wc-block-grid__product-price price\"><span class=\"woocommerce-Price-amount amount\">4650&nbsp;<span class=\"woocommerce-Price-currencySymbol\">&#070;&#116;<\/span><\/span><\/div>\n\t\t\t\t\n\t\t\t\t<div class=\"wp-block-button wc-block-grid__product-add-to-cart\"><a href=\"?add-to-cart=6394\" aria-label=\"Add to cart: &ldquo;The Golden River&rdquo;\" data-quantity=\"1\" data-product_id=\"6394\" data-product_sku=\"\" data-price=\"4650\" rel=\"nofollow\" class=\"wp-block-button__link  add_to_cart_button ajax_add_to_cart\">Add to cart<\/a><\/div>\n\t\t\t<\/li><li class=\"wc-block-grid__product\">\n\t\t\t\t<a href=\"https:\/\/cosmopolit.hu\/en\/product\/golden-river-ebook\/\" class=\"wc-block-grid__product-link\">\n\t\t\t\t\t\n\t\t\t\t\t<div class=\"wc-block-grid__product-image\"><img decoding=\"async\" width=\"300\" height=\"300\" src=\"https:\/\/cosmopolit.hu\/uploads\/2025\/11\/The-Golden-River_eBOOK-mockup_new-300x300.jpg\" class=\"attachment-woocommerce_thumbnail size-woocommerce_thumbnail\" alt=\"The Golden River\" srcset=\"https:\/\/cosmopolit.hu\/uploads\/2025\/11\/The-Golden-River_eBOOK-mockup_new-300x300.jpg 300w, https:\/\/cosmopolit.hu\/uploads\/2025\/11\/The-Golden-River_eBOOK-mockup_new-1024x1024.jpg 1024w, https:\/\/cosmopolit.hu\/uploads\/2025\/11\/The-Golden-River_eBOOK-mockup_new-150x150.jpg 150w, https:\/\/cosmopolit.hu\/uploads\/2025\/11\/The-Golden-River_eBOOK-mockup_new-768x768.jpg 768w, https:\/\/cosmopolit.hu\/uploads\/2025\/11\/The-Golden-River_eBOOK-mockup_new-1536x1536.jpg 1536w, https:\/\/cosmopolit.hu\/uploads\/2025\/11\/The-Golden-River_eBOOK-mockup_new-650x650.jpg 650w, https:\/\/cosmopolit.hu\/uploads\/2025\/11\/The-Golden-River_eBOOK-mockup_new-1300x1300.jpg 1300w, https:\/\/cosmopolit.hu\/uploads\/2025\/11\/The-Golden-River_eBOOK-mockup_new-600x600.jpg 600w, https:\/\/cosmopolit.hu\/uploads\/2025\/11\/The-Golden-River_eBOOK-mockup_new-100x100.jpg 100w, https:\/\/cosmopolit.hu\/uploads\/2025\/11\/The-Golden-River_eBOOK-mockup_new.jpg 2000w\" sizes=\"(max-width: 300px) 100vw, 300px\" \/><\/div>\n\t\t\t\t\t<div class=\"wc-block-grid__product-title\">The Golden River<\/div>\n\t\t\t\t<\/a>\n\t\t\t\t<div class=\"wc-block-grid__product-price price\"><span class=\"woocommerce-Price-amount amount\">3670&nbsp;<span class=\"woocommerce-Price-currencySymbol\">&#070;&#116;<\/span><\/span><\/div>\n\t\t\t\t\n\t\t\t\t<div class=\"wp-block-button wc-block-grid__product-add-to-cart\"><a href=\"?add-to-cart=6395\" aria-label=\"Add to cart: &ldquo;The Golden River&rdquo;\" data-quantity=\"1\" data-product_id=\"6395\" data-product_sku=\"\" data-price=\"3670\" rel=\"nofollow\" class=\"wp-block-button__link  add_to_cart_button ajax_add_to_cart\">Add to cart<\/a><\/div>\n\t\t\t<\/li><li class=\"wc-block-grid__product\">\n\t\t\t\t<a href=\"https:\/\/cosmopolit.hu\/en\/product\/everybody-grieves-differently-ebook\/\" class=\"wc-block-grid__product-link\">\n\t\t\t\t\t\n\t\t\t\t\t<div class=\"wc-block-grid__product-image\"><img decoding=\"async\" width=\"300\" height=\"300\" src=\"https:\/\/cosmopolit.hu\/uploads\/2025\/11\/Everybody-Grieves_eBOOK-mockup-300x300.jpg\" class=\"attachment-woocommerce_thumbnail size-woocommerce_thumbnail\" alt=\"Everybody Grieves Differently\" srcset=\"https:\/\/cosmopolit.hu\/uploads\/2025\/11\/Everybody-Grieves_eBOOK-mockup-300x300.jpg 300w, https:\/\/cosmopolit.hu\/uploads\/2025\/11\/Everybody-Grieves_eBOOK-mockup-1024x1024.jpg 1024w, https:\/\/cosmopolit.hu\/uploads\/2025\/11\/Everybody-Grieves_eBOOK-mockup-150x150.jpg 150w, https:\/\/cosmopolit.hu\/uploads\/2025\/11\/Everybody-Grieves_eBOOK-mockup-768x768.jpg 768w, https:\/\/cosmopolit.hu\/uploads\/2025\/11\/Everybody-Grieves_eBOOK-mockup-1536x1536.jpg 1536w, https:\/\/cosmopolit.hu\/uploads\/2025\/11\/Everybody-Grieves_eBOOK-mockup-650x650.jpg 650w, https:\/\/cosmopolit.hu\/uploads\/2025\/11\/Everybody-Grieves_eBOOK-mockup-1300x1300.jpg 1300w, https:\/\/cosmopolit.hu\/uploads\/2025\/11\/Everybody-Grieves_eBOOK-mockup-600x600.jpg 600w, https:\/\/cosmopolit.hu\/uploads\/2025\/11\/Everybody-Grieves_eBOOK-mockup-100x100.jpg 100w, https:\/\/cosmopolit.hu\/uploads\/2025\/11\/Everybody-Grieves_eBOOK-mockup.jpg 2000w\" sizes=\"(max-width: 300px) 100vw, 300px\" \/><\/div>\n\t\t\t\t\t<div class=\"wc-block-grid__product-title\">Everybody Grieves Differently<\/div>\n\t\t\t\t<\/a>\n\t\t\t\t<div class=\"wc-block-grid__product-price price\"><span class=\"woocommerce-Price-amount amount\">3670&nbsp;<span class=\"woocommerce-Price-currencySymbol\">&#070;&#116;<\/span><\/span><\/div>\n\t\t\t\t\n\t\t\t\t<div class=\"wp-block-button wc-block-grid__product-add-to-cart\"><a href=\"?add-to-cart=6391\" aria-label=\"Add to cart: &ldquo;Everybody Grieves Differently&rdquo;\" data-quantity=\"1\" data-product_id=\"6391\" data-product_sku=\"\" data-price=\"3670\" rel=\"nofollow\" class=\"wp-block-button__link  add_to_cart_button ajax_add_to_cart\">Add to cart<\/a><\/div>\n\t\t\t<\/li><li class=\"wc-block-grid__product\">\n\t\t\t\t<a href=\"https:\/\/cosmopolit.hu\/en\/product\/everybody-grieves-differently\/\" class=\"wc-block-grid__product-link\">\n\t\t\t\t\t\n\t\t\t\t\t<div class=\"wc-block-grid__product-image\"><img loading=\"lazy\" decoding=\"async\" width=\"300\" height=\"300\" src=\"https:\/\/cosmopolit.hu\/uploads\/2025\/11\/Everybody-Grieves_BOOK-mockup-300x300.jpg\" class=\"attachment-woocommerce_thumbnail size-woocommerce_thumbnail\" alt=\"Everybody Grieves Differently\" srcset=\"https:\/\/cosmopolit.hu\/uploads\/2025\/11\/Everybody-Grieves_BOOK-mockup-300x300.jpg 300w, https:\/\/cosmopolit.hu\/uploads\/2025\/11\/Everybody-Grieves_BOOK-mockup-1024x1024.jpg 1024w, https:\/\/cosmopolit.hu\/uploads\/2025\/11\/Everybody-Grieves_BOOK-mockup-150x150.jpg 150w, https:\/\/cosmopolit.hu\/uploads\/2025\/11\/Everybody-Grieves_BOOK-mockup-768x768.jpg 768w, https:\/\/cosmopolit.hu\/uploads\/2025\/11\/Everybody-Grieves_BOOK-mockup-1536x1536.jpg 1536w, https:\/\/cosmopolit.hu\/uploads\/2025\/11\/Everybody-Grieves_BOOK-mockup-650x650.jpg 650w, https:\/\/cosmopolit.hu\/uploads\/2025\/11\/Everybody-Grieves_BOOK-mockup-1300x1300.jpg 1300w, https:\/\/cosmopolit.hu\/uploads\/2025\/11\/Everybody-Grieves_BOOK-mockup-600x600.jpg 600w, https:\/\/cosmopolit.hu\/uploads\/2025\/11\/Everybody-Grieves_BOOK-mockup-100x100.jpg 100w, https:\/\/cosmopolit.hu\/uploads\/2025\/11\/Everybody-Grieves_BOOK-mockup.jpg 2000w\" sizes=\"(max-width: 300px) 100vw, 300px\" \/><\/div>\n\t\t\t\t\t<div class=\"wc-block-grid__product-title\">Everybody Grieves Differently<\/div>\n\t\t\t\t<\/a>\n\t\t\t\t<div class=\"wc-block-grid__product-price price\"><span class=\"woocommerce-Price-amount amount\">4650&nbsp;<span class=\"woocommerce-Price-currencySymbol\">&#070;&#116;<\/span><\/span><\/div>\n\t\t\t\t\n\t\t\t\t<div class=\"wp-block-button wc-block-grid__product-add-to-cart\"><a href=\"?add-to-cart=6390\" aria-label=\"Add to cart: &ldquo;Everybody Grieves Differently&rdquo;\" data-quantity=\"1\" data-product_id=\"6390\" data-product_sku=\"\" data-price=\"4650\" rel=\"nofollow\" class=\"wp-block-button__link  add_to_cart_button ajax_add_to_cart\">Add to cart<\/a><\/div>\n\t\t\t<\/li><\/ul><\/div><\/div>\n<\/div>\n","protected":false},"excerpt":{"rendered":"","protected":false},"author":1,"featured_media":0,"parent":0,"menu_order":0,"comment_status":"closed","ping_status":"closed","template":"","meta":{"footnotes":""},"class_list":["post-6099","page","type-page","status-publish","hentry"],"yoast_head":"<!-- This site is optimized with the Yoast SEO plugin v26.5 - https:\/\/yoast.com\/wordpress\/plugins\/seo\/ -->\n<title>Cart - Cosmopolit<\/title>\n<meta name=\"robots\" content=\"index, follow, max-snippet:-1, max-image-preview:large, max-video-preview:-1\" \/>\n<link rel=\"canonical\" href=\"https:\/\/cosmopolit.hu\/en\/cart\/\" \/>\n<meta property=\"og:locale\" content=\"en_US\" \/>\n<meta property=\"og:type\" content=\"article\" \/>\n<meta property=\"og:title\" content=\"Cart - Cosmopolit\" \/>\n<meta property=\"og:url\" content=\"https:\/\/cosmopolit.hu\/en\/cart\/\" \/>\n<meta property=\"og:site_name\" content=\"Cosmopolit\" \/>\n<meta property=\"article:modified_time\" content=\"2025-10-07T11:59:15+00:00\" \/>\n<meta property=\"og:image\" content=\"https:\/\/cosmopolit.hu\/uploads\/2025\/11\/Cosmopolit-logo_black-social.png\" \/>\n\t<meta property=\"og:image:width\" content=\"1200\" \/>\n\t<meta property=\"og:image:height\" content=\"675\" \/>\n\t<meta property=\"og:image:type\" content=\"image\/png\" \/>\n<meta name=\"twitter:card\" content=\"summary_large_image\" \/>\n<script type=\"application\/ld+json\" class=\"yoast-schema-graph\">{\"@context\":\"https:\/\/schema.org\",\"@graph\":[{\"@type\":\"WebPage\",\"@id\":\"https:\/\/cosmopolit.hu\/en\/cart\/\",\"url\":\"https:\/\/cosmopolit.hu\/en\/cart\/\",\"name\":\"Cart - Cosmopolit\",\"isPartOf\":{\"@id\":\"https:\/\/cosmopolit.hu\/#website\"},\"datePublished\":\"2025-07-03T08:24:35+00:00\",\"dateModified\":\"2025-10-07T11:59:15+00:00\",\"breadcrumb\":{\"@id\":\"https:\/\/cosmopolit.hu\/en\/cart\/#breadcrumb\"},\"inLanguage\":\"en-US\",\"potentialAction\":[{\"@type\":\"ReadAction\",\"target\":[\"https:\/\/cosmopolit.hu\/en\/cart\/\"]}]},{\"@type\":\"BreadcrumbList\",\"@id\":\"https:\/\/cosmopolit.hu\/en\/cart\/#breadcrumb\",\"itemListElement\":[{\"@type\":\"ListItem\",\"position\":1,\"name\":\"Home\",\"item\":\"https:\/\/cosmopolit.hu\/en\/\"},{\"@type\":\"ListItem\",\"position\":2,\"name\":\"Cart\"}]},{\"@type\":\"WebSite\",\"@id\":\"https:\/\/cosmopolit.hu\/#website\",\"url\":\"https:\/\/cosmopolit.hu\/\",\"name\":\"Cosmopolit\",\"description\":\"Egy j\u00f3 t\u00f6rt\u00e9net mindig veled marad.\",\"potentialAction\":[{\"@type\":\"SearchAction\",\"target\":{\"@type\":\"EntryPoint\",\"urlTemplate\":\"https:\/\/cosmopolit.hu\/?s={search_term_string}\"},\"query-input\":{\"@type\":\"PropertyValueSpecification\",\"valueRequired\":true,\"valueName\":\"search_term_string\"}}],\"inLanguage\":\"en-US\"}]}<\/script>\n<!-- \/ Yoast SEO plugin. -->","yoast_head_json":{"title":"Cart - Cosmopolit","robots":{"index":"index","follow":"follow","max-snippet":"max-snippet:-1","max-image-preview":"max-image-preview:large","max-video-preview":"max-video-preview:-1"},"canonical":"https:\/\/cosmopolit.hu\/en\/cart\/","og_locale":"en_US","og_type":"article","og_title":"Cart - Cosmopolit","og_url":"https:\/\/cosmopolit.hu\/en\/cart\/","og_site_name":"Cosmopolit","article_modified_time":"2025-10-07T11:59:15+00:00","og_image":[{"width":1200,"height":675,"url":"https:\/\/cosmopolit.hu\/uploads\/2025\/11\/Cosmopolit-logo_black-social.png","type":"image\/png"}],"twitter_card":"summary_large_image","schema":{"@context":"https:\/\/schema.org","@graph":[{"@type":"WebPage","@id":"https:\/\/cosmopolit.hu\/en\/cart\/","url":"https:\/\/cosmopolit.hu\/en\/cart\/","name":"Cart - Cosmopolit","isPartOf":{"@id":"https:\/\/cosmopolit.hu\/#website"},"datePublished":"2025-07-03T08:24:35+00:00","dateModified":"2025-10-07T11:59:15+00:00","breadcrumb":{"@id":"https:\/\/cosmopolit.hu\/en\/cart\/#breadcrumb"},"inLanguage":"en-US","potentialAction":[{"@type":"ReadAction","target":["https:\/\/cosmopolit.hu\/en\/cart\/"]}]},{"@type":"BreadcrumbList","@id":"https:\/\/cosmopolit.hu\/en\/cart\/#breadcrumb","itemListElement":[{"@type":"ListItem","position":1,"name":"Home","item":"https:\/\/cosmopolit.hu\/en\/"},{"@type":"ListItem","position":2,"name":"Cart"}]},{"@type":"WebSite","@id":"https:\/\/cosmopolit.hu\/#website","url":"https:\/\/cosmopolit.hu\/","name":"Cosmopolit","description":"Egy j\u00f3 t\u00f6rt\u00e9net mindig veled marad.","potentialAction":[{"@type":"SearchAction","target":{"@type":"EntryPoint","urlTemplate":"https:\/\/cosmopolit.hu\/?s={search_term_string}"},"query-input":{"@type":"PropertyValueSpecification","valueRequired":true,"valueName":"search_term_string"}}],"inLanguage":"en-US"}]}},"_links":{"self":[{"href":"https:\/\/cosmopolit.hu\/en\/wp-json\/wp\/v2\/pages\/6099","targetHints":{"allow":["GET"]}}],"collection":[{"href":"https:\/\/cosmopolit.hu\/en\/wp-json\/wp\/v2\/pages"}],"about":[{"href":"https:\/\/cosmopolit.hu\/en\/wp-json\/wp\/v2\/types\/page"}],"author":[{"embeddable":true,"href":"https:\/\/cosmopolit.hu\/en\/wp-json\/wp\/v2\/users\/1"}],"replies":[{"embeddable":true,"href":"https:\/\/cosmopolit.hu\/en\/wp-json\/wp\/v2\/comments?post=6099"}],"version-history":[{"count":2,"href":"https:\/\/cosmopolit.hu\/en\/wp-json\/wp\/v2\/pages\/6099\/revisions"}],"predecessor-version":[{"id":6105,"href":"https:\/\/cosmopolit.hu\/en\/wp-json\/wp\/v2\/pages\/6099\/revisions\/6105"}],"wp:attachment":[{"href":"https:\/\/cosmopolit.hu\/en\/wp-json\/wp\/v2\/media?parent=6099"}],"curies":[{"name":"wp","href":"https:\/\/api.w.org\/{rel}","templated":true}]}}