{"id":6391,"date":"2025-11-11T13:13:20","date_gmt":"2025-11-11T12:13:20","guid":{"rendered":"https:\/\/cosmopolit.hu\/?post_type=product&#038;p=6391"},"modified":"2026-02-10T16:14:37","modified_gmt":"2026-02-10T15:14:37","slug":"everybody-grieves-differently-ebook","status":"publish","type":"product","link":"https:\/\/cosmopolit.hu\/en\/product\/everybody-grieves-differently-ebook\/","title":{"rendered":"Everybody Grieves Differently"},"content":{"rendered":"","protected":false},"excerpt":{"rendered":"<div dir=\"ltr\">\u201cIt\u2019s not those who left that come back.\u201d \u2014 In Everybody Grieves Differently, S\u00e1ndor J\u00e1szber\u00e9nyi writes of the wars that never end \u2014 the ones carried home in silence. Through spare, piercing stories, he reveals what remains when the fighting stops and the defeated are left to live with the echoes.<\/div>\n<div dir=\"ltr\">The English edition appears in the author\u2019s own translation, with several stories translated by Diana Senechal. The majority of the work was translated by S\u00e1ndor in close collaboration with copy editor Andrew McClellan, whose careful editorial eye helped shape the final text.<\/div>\n","protected":false},"featured_media":6392,"template":"","meta":[],"product_brand":[],"product_cat":[88],"product_tag":[],"class_list":{"0":"post-6391","1":"product","2":"type-product","3":"status-publish","4":"has-post-thumbnail","6":"product_cat-e-book","8":"first","9":"instock","10":"downloadable","11":"virtual","12":"taxable","13":"purchasable","14":"product-type-simple"},"yoast_head":"<!-- This site is optimized with the Yoast SEO plugin v26.5 - https:\/\/yoast.com\/wordpress\/plugins\/seo\/ -->\n<title>Everybody Grieves Differently - Cosmopolit<\/title>\n<meta name=\"description\" content=\"\u201cIt\u2019s not those who left that come back.\u201d \u2014 In Everybody Grieves Differently, S\u00e1ndor J\u00e1szber\u00e9nyi writes of the wars that never end \u2014 the ones carried home in silence.\" \/>\n<meta name=\"robots\" content=\"index, follow, max-snippet:-1, max-image-preview:large, max-video-preview:-1\" \/>\n<link rel=\"canonical\" href=\"https:\/\/cosmopolit.hu\/en\/product\/everybody-grieves-differently-ebook\/\" \/>\n<meta property=\"og:locale\" content=\"en_US\" \/>\n<meta property=\"og:type\" content=\"article\" \/>\n<meta property=\"og:title\" content=\"EVERYBODY GRIEVES DIFFERENTLY\" \/>\n<meta property=\"og:description\" content=\"\u201cIt\u2019s not those who left that come back.\u201d \u2014 In Everybody Grieves Differently, S\u00e1ndor J\u00e1szber\u00e9nyi writes of the wars that never end \u2014 the ones carried home in silence.\" \/>\n<meta property=\"og:url\" content=\"https:\/\/cosmopolit.hu\/en\/product\/everybody-grieves-differently-ebook\/\" \/>\n<meta property=\"og:site_name\" content=\"Cosmopolit\" \/>\n<meta property=\"article:modified_time\" content=\"2026-02-10T15:14:37+00:00\" \/>\n<meta property=\"og:image\" content=\"https:\/\/cosmopolit.hu\/uploads\/2025\/11\/Everybody-Grieves_eBOOK-mockup.jpg\" \/>\n\t<meta property=\"og:image:width\" content=\"2000\" \/>\n\t<meta property=\"og:image:height\" content=\"2000\" \/>\n\t<meta property=\"og:image:type\" content=\"image\/jpeg\" \/>\n<meta name=\"twitter:card\" content=\"summary_large_image\" \/>\n<meta name=\"twitter:label1\" content=\"Est. reading time\" \/>\n\t<meta name=\"twitter:data1\" content=\"1 minute\" \/>\n<script type=\"application\/ld+json\" class=\"yoast-schema-graph\">{\"@context\":\"https:\/\/schema.org\",\"@graph\":[{\"@type\":\"WebPage\",\"@id\":\"https:\/\/cosmopolit.hu\/en\/product\/everybody-grieves-differently-ebook\/\",\"url\":\"https:\/\/cosmopolit.hu\/en\/product\/everybody-grieves-differently-ebook\/\",\"name\":\"Everybody Grieves Differently - Cosmopolit\",\"isPartOf\":{\"@id\":\"https:\/\/cosmopolit.hu\/#website\"},\"primaryImageOfPage\":{\"@id\":\"https:\/\/cosmopolit.hu\/en\/product\/everybody-grieves-differently-ebook\/#primaryimage\"},\"image\":{\"@id\":\"https:\/\/cosmopolit.hu\/en\/product\/everybody-grieves-differently-ebook\/#primaryimage\"},\"thumbnailUrl\":\"https:\/\/cosmopolit.hu\/uploads\/2025\/11\/Everybody-Grieves_eBOOK-mockup.jpg\",\"datePublished\":\"2025-11-11T12:13:20+00:00\",\"dateModified\":\"2026-02-10T15:14:37+00:00\",\"description\":\"\u201cIt\u2019s not those who left that come back.\u201d \u2014 In Everybody Grieves Differently, S\u00e1ndor J\u00e1szber\u00e9nyi writes of the wars that never end \u2014 the ones carried home in silence.\",\"breadcrumb\":{\"@id\":\"https:\/\/cosmopolit.hu\/en\/product\/everybody-grieves-differently-ebook\/#breadcrumb\"},\"inLanguage\":\"en-US\",\"potentialAction\":[{\"@type\":\"ReadAction\",\"target\":[\"https:\/\/cosmopolit.hu\/en\/product\/everybody-grieves-differently-ebook\/\"]}]},{\"@type\":\"ImageObject\",\"inLanguage\":\"en-US\",\"@id\":\"https:\/\/cosmopolit.hu\/en\/product\/everybody-grieves-differently-ebook\/#primaryimage\",\"url\":\"https:\/\/cosmopolit.hu\/uploads\/2025\/11\/Everybody-Grieves_eBOOK-mockup.jpg\",\"contentUrl\":\"https:\/\/cosmopolit.hu\/uploads\/2025\/11\/Everybody-Grieves_eBOOK-mockup.jpg\",\"width\":2000,\"height\":2000},{\"@type\":\"BreadcrumbList\",\"@id\":\"https:\/\/cosmopolit.hu\/en\/product\/everybody-grieves-differently-ebook\/#breadcrumb\",\"itemListElement\":[{\"@type\":\"ListItem\",\"position\":1,\"name\":\"Home\",\"item\":\"https:\/\/cosmopolit.hu\/en\/\"},{\"@type\":\"ListItem\",\"position\":2,\"name\":\"Term\u00e9kek\",\"item\":\"https:\/\/cosmopolit.hu\/shop\/\"},{\"@type\":\"ListItem\",\"position\":3,\"name\":\"Everybody Grieves Differently\"}]},{\"@type\":\"WebSite\",\"@id\":\"https:\/\/cosmopolit.hu\/#website\",\"url\":\"https:\/\/cosmopolit.hu\/\",\"name\":\"Cosmopolit\",\"description\":\"Egy j\u00f3 t\u00f6rt\u00e9net mindig veled marad.\",\"potentialAction\":[{\"@type\":\"SearchAction\",\"target\":{\"@type\":\"EntryPoint\",\"urlTemplate\":\"https:\/\/cosmopolit.hu\/?s={search_term_string}\"},\"query-input\":{\"@type\":\"PropertyValueSpecification\",\"valueRequired\":true,\"valueName\":\"search_term_string\"}}],\"inLanguage\":\"en-US\"}]}<\/script>\n<!-- \/ Yoast SEO plugin. -->","yoast_head_json":{"title":"Everybody Grieves Differently - Cosmopolit","description":"\u201cIt\u2019s not those who left that come back.\u201d \u2014 In Everybody Grieves Differently, S\u00e1ndor J\u00e1szber\u00e9nyi writes of the wars that never end \u2014 the ones carried home in silence.","robots":{"index":"index","follow":"follow","max-snippet":"max-snippet:-1","max-image-preview":"max-image-preview:large","max-video-preview":"max-video-preview:-1"},"canonical":"https:\/\/cosmopolit.hu\/en\/product\/everybody-grieves-differently-ebook\/","og_locale":"en_US","og_type":"article","og_title":"EVERYBODY GRIEVES DIFFERENTLY","og_description":"\u201cIt\u2019s not those who left that come back.\u201d \u2014 In Everybody Grieves Differently, S\u00e1ndor J\u00e1szber\u00e9nyi writes of the wars that never end \u2014 the ones carried home in silence.","og_url":"https:\/\/cosmopolit.hu\/en\/product\/everybody-grieves-differently-ebook\/","og_site_name":"Cosmopolit","article_modified_time":"2026-02-10T15:14:37+00:00","og_image":[{"width":2000,"height":2000,"url":"https:\/\/cosmopolit.hu\/uploads\/2025\/11\/Everybody-Grieves_eBOOK-mockup.jpg","type":"image\/jpeg"}],"twitter_card":"summary_large_image","twitter_misc":{"Est. reading time":"1 minute"},"schema":{"@context":"https:\/\/schema.org","@graph":[{"@type":"WebPage","@id":"https:\/\/cosmopolit.hu\/en\/product\/everybody-grieves-differently-ebook\/","url":"https:\/\/cosmopolit.hu\/en\/product\/everybody-grieves-differently-ebook\/","name":"Everybody Grieves Differently - Cosmopolit","isPartOf":{"@id":"https:\/\/cosmopolit.hu\/#website"},"primaryImageOfPage":{"@id":"https:\/\/cosmopolit.hu\/en\/product\/everybody-grieves-differently-ebook\/#primaryimage"},"image":{"@id":"https:\/\/cosmopolit.hu\/en\/product\/everybody-grieves-differently-ebook\/#primaryimage"},"thumbnailUrl":"https:\/\/cosmopolit.hu\/uploads\/2025\/11\/Everybody-Grieves_eBOOK-mockup.jpg","datePublished":"2025-11-11T12:13:20+00:00","dateModified":"2026-02-10T15:14:37+00:00","description":"\u201cIt\u2019s not those who left that come back.\u201d \u2014 In Everybody Grieves Differently, S\u00e1ndor J\u00e1szber\u00e9nyi writes of the wars that never end \u2014 the ones carried home in silence.","breadcrumb":{"@id":"https:\/\/cosmopolit.hu\/en\/product\/everybody-grieves-differently-ebook\/#breadcrumb"},"inLanguage":"en-US","potentialAction":[{"@type":"ReadAction","target":["https:\/\/cosmopolit.hu\/en\/product\/everybody-grieves-differently-ebook\/"]}]},{"@type":"ImageObject","inLanguage":"en-US","@id":"https:\/\/cosmopolit.hu\/en\/product\/everybody-grieves-differently-ebook\/#primaryimage","url":"https:\/\/cosmopolit.hu\/uploads\/2025\/11\/Everybody-Grieves_eBOOK-mockup.jpg","contentUrl":"https:\/\/cosmopolit.hu\/uploads\/2025\/11\/Everybody-Grieves_eBOOK-mockup.jpg","width":2000,"height":2000},{"@type":"BreadcrumbList","@id":"https:\/\/cosmopolit.hu\/en\/product\/everybody-grieves-differently-ebook\/#breadcrumb","itemListElement":[{"@type":"ListItem","position":1,"name":"Home","item":"https:\/\/cosmopolit.hu\/en\/"},{"@type":"ListItem","position":2,"name":"Term\u00e9kek","item":"https:\/\/cosmopolit.hu\/shop\/"},{"@type":"ListItem","position":3,"name":"Everybody Grieves Differently"}]},{"@type":"WebSite","@id":"https:\/\/cosmopolit.hu\/#website","url":"https:\/\/cosmopolit.hu\/","name":"Cosmopolit","description":"Egy j\u00f3 t\u00f6rt\u00e9net mindig veled marad.","potentialAction":[{"@type":"SearchAction","target":{"@type":"EntryPoint","urlTemplate":"https:\/\/cosmopolit.hu\/?s={search_term_string}"},"query-input":{"@type":"PropertyValueSpecification","valueRequired":true,"valueName":"search_term_string"}}],"inLanguage":"en-US"}]}},"_links":{"self":[{"href":"https:\/\/cosmopolit.hu\/en\/wp-json\/wp\/v2\/product\/6391","targetHints":{"allow":["GET"]}}],"collection":[{"href":"https:\/\/cosmopolit.hu\/en\/wp-json\/wp\/v2\/product"}],"about":[{"href":"https:\/\/cosmopolit.hu\/en\/wp-json\/wp\/v2\/types\/product"}],"wp:featuredmedia":[{"embeddable":true,"href":"https:\/\/cosmopolit.hu\/en\/wp-json\/wp\/v2\/media\/6392"}],"wp:attachment":[{"href":"https:\/\/cosmopolit.hu\/en\/wp-json\/wp\/v2\/media?parent=6391"}],"wp:term":[{"taxonomy":"product_brand","embeddable":true,"href":"https:\/\/cosmopolit.hu\/en\/wp-json\/wp\/v2\/product_brand?post=6391"},{"taxonomy":"product_cat","embeddable":true,"href":"https:\/\/cosmopolit.hu\/en\/wp-json\/wp\/v2\/product_cat?post=6391"},{"taxonomy":"product_tag","embeddable":true,"href":"https:\/\/cosmopolit.hu\/en\/wp-json\/wp\/v2\/product_tag?post=6391"}],"curies":[{"name":"wp","href":"https:\/\/api.w.org\/{rel}","templated":true}]}}