{"id":6395,"date":"2025-11-11T13:36:59","date_gmt":"2025-11-11T12:36:59","guid":{"rendered":"https:\/\/cosmopolit.hu\/?post_type=product&#038;p=6395"},"modified":"2025-12-18T12:41:00","modified_gmt":"2025-12-18T11:41:00","slug":"golden-river-ebook","status":"publish","type":"product","link":"https:\/\/cosmopolit.hu\/en\/product\/golden-river-ebook\/","title":{"rendered":"The Golden River"},"content":{"rendered":"","protected":false},"excerpt":{"rendered":"<p><span style=\"font-weight: 400;\">Golden River is history retold through the eyes of beer itself. With wit and elegance, D\u00e1niel Bart becomes the biographer of humankind\u2019s oldest companion, guiding readers from the first barley brews in stone mugs to the craft masterpieces of today. A book steeped in humor, memory, and malt \u2014 rich, unexpected, and utterly refreshing.<\/span><\/p>\n","protected":false},"featured_media":6396,"template":"","meta":[],"product_brand":[],"product_cat":[88],"product_tag":[],"class_list":{"0":"post-6395","1":"product","2":"type-product","3":"status-publish","4":"has-post-thumbnail","6":"product_cat-e-book","8":"first","9":"instock","10":"downloadable","11":"virtual","12":"taxable","13":"purchasable","14":"product-type-simple"},"yoast_head":"<!-- This site is optimized with the Yoast SEO plugin v26.5 - https:\/\/yoast.com\/wordpress\/plugins\/seo\/ -->\n<title>The Golden River - Cosmopolit<\/title>\n<meta name=\"description\" content=\"Golden River is history retold through the eyes of beer itself. With wit and elegance, D\u00e1niel Bart becomes the biographer of humankind\u2019s oldest companion, guiding readers from the first barley brews in stone mugs to the craft masterpieces of today.\" \/>\n<meta name=\"robots\" content=\"index, follow, max-snippet:-1, max-image-preview:large, max-video-preview:-1\" \/>\n<link rel=\"canonical\" href=\"https:\/\/cosmopolit.hu\/en\/product\/golden-river-ebook\/\" \/>\n<meta property=\"og:locale\" content=\"en_US\" \/>\n<meta property=\"og:type\" content=\"article\" \/>\n<meta property=\"og:title\" content=\"GOLDEN RIVER\" \/>\n<meta property=\"og:description\" content=\"Golden River is history retold through the eyes of beer itself. With wit and elegance, D\u00e1niel Bart becomes the biographer of humankind\u2019s oldest companion, guiding readers from the first barley brews in stone mugs to the craft masterpieces of today.\" \/>\n<meta property=\"og:url\" content=\"https:\/\/cosmopolit.hu\/en\/product\/golden-river-ebook\/\" \/>\n<meta property=\"og:site_name\" content=\"Cosmopolit\" \/>\n<meta property=\"article:modified_time\" content=\"2025-12-18T11:41:00+00:00\" \/>\n<meta property=\"og:image\" content=\"https:\/\/cosmopolit.hu\/uploads\/2025\/11\/The-Golden-River_eBOOK-mockup_new.jpg\" \/>\n\t<meta property=\"og:image:width\" content=\"2000\" \/>\n\t<meta property=\"og:image:height\" content=\"2000\" \/>\n\t<meta property=\"og:image:type\" content=\"image\/jpeg\" \/>\n<meta name=\"twitter:card\" content=\"summary_large_image\" \/>\n<meta name=\"twitter:label1\" content=\"Est. reading time\" \/>\n\t<meta name=\"twitter:data1\" content=\"1 minute\" \/>\n<script type=\"application\/ld+json\" class=\"yoast-schema-graph\">{\"@context\":\"https:\/\/schema.org\",\"@graph\":[{\"@type\":\"WebPage\",\"@id\":\"https:\/\/cosmopolit.hu\/en\/product\/golden-river-ebook\/\",\"url\":\"https:\/\/cosmopolit.hu\/en\/product\/golden-river-ebook\/\",\"name\":\"The Golden River - Cosmopolit\",\"isPartOf\":{\"@id\":\"https:\/\/cosmopolit.hu\/#website\"},\"primaryImageOfPage\":{\"@id\":\"https:\/\/cosmopolit.hu\/en\/product\/golden-river-ebook\/#primaryimage\"},\"image\":{\"@id\":\"https:\/\/cosmopolit.hu\/en\/product\/golden-river-ebook\/#primaryimage\"},\"thumbnailUrl\":\"https:\/\/cosmopolit.hu\/uploads\/2025\/11\/The-Golden-River_eBOOK-mockup_new.jpg\",\"datePublished\":\"2025-11-11T12:36:59+00:00\",\"dateModified\":\"2025-12-18T11:41:00+00:00\",\"description\":\"Golden River is history retold through the eyes of beer itself. With wit and elegance, D\u00e1niel Bart becomes the biographer of humankind\u2019s oldest companion, guiding readers from the first barley brews in stone mugs to the craft masterpieces of today.\",\"breadcrumb\":{\"@id\":\"https:\/\/cosmopolit.hu\/en\/product\/golden-river-ebook\/#breadcrumb\"},\"inLanguage\":\"en-US\",\"potentialAction\":[{\"@type\":\"ReadAction\",\"target\":[\"https:\/\/cosmopolit.hu\/en\/product\/golden-river-ebook\/\"]}]},{\"@type\":\"ImageObject\",\"inLanguage\":\"en-US\",\"@id\":\"https:\/\/cosmopolit.hu\/en\/product\/golden-river-ebook\/#primaryimage\",\"url\":\"https:\/\/cosmopolit.hu\/uploads\/2025\/11\/The-Golden-River_eBOOK-mockup_new.jpg\",\"contentUrl\":\"https:\/\/cosmopolit.hu\/uploads\/2025\/11\/The-Golden-River_eBOOK-mockup_new.jpg\",\"width\":2000,\"height\":2000},{\"@type\":\"BreadcrumbList\",\"@id\":\"https:\/\/cosmopolit.hu\/en\/product\/golden-river-ebook\/#breadcrumb\",\"itemListElement\":[{\"@type\":\"ListItem\",\"position\":1,\"name\":\"Home\",\"item\":\"https:\/\/cosmopolit.hu\/en\/\"},{\"@type\":\"ListItem\",\"position\":2,\"name\":\"Term\u00e9kek\",\"item\":\"https:\/\/cosmopolit.hu\/shop\/\"},{\"@type\":\"ListItem\",\"position\":3,\"name\":\"The Golden River\"}]},{\"@type\":\"WebSite\",\"@id\":\"https:\/\/cosmopolit.hu\/#website\",\"url\":\"https:\/\/cosmopolit.hu\/\",\"name\":\"Cosmopolit\",\"description\":\"Egy j\u00f3 t\u00f6rt\u00e9net mindig veled marad.\",\"potentialAction\":[{\"@type\":\"SearchAction\",\"target\":{\"@type\":\"EntryPoint\",\"urlTemplate\":\"https:\/\/cosmopolit.hu\/?s={search_term_string}\"},\"query-input\":{\"@type\":\"PropertyValueSpecification\",\"valueRequired\":true,\"valueName\":\"search_term_string\"}}],\"inLanguage\":\"en-US\"}]}<\/script>\n<!-- \/ Yoast SEO plugin. -->","yoast_head_json":{"title":"The Golden River - Cosmopolit","description":"Golden River is history retold through the eyes of beer itself. With wit and elegance, D\u00e1niel Bart becomes the biographer of humankind\u2019s oldest companion, guiding readers from the first barley brews in stone mugs to the craft masterpieces of today.","robots":{"index":"index","follow":"follow","max-snippet":"max-snippet:-1","max-image-preview":"max-image-preview:large","max-video-preview":"max-video-preview:-1"},"canonical":"https:\/\/cosmopolit.hu\/en\/product\/golden-river-ebook\/","og_locale":"en_US","og_type":"article","og_title":"GOLDEN RIVER","og_description":"Golden River is history retold through the eyes of beer itself. With wit and elegance, D\u00e1niel Bart becomes the biographer of humankind\u2019s oldest companion, guiding readers from the first barley brews in stone mugs to the craft masterpieces of today.","og_url":"https:\/\/cosmopolit.hu\/en\/product\/golden-river-ebook\/","og_site_name":"Cosmopolit","article_modified_time":"2025-12-18T11:41:00+00:00","og_image":[{"width":2000,"height":2000,"url":"https:\/\/cosmopolit.hu\/uploads\/2025\/11\/The-Golden-River_eBOOK-mockup_new.jpg","type":"image\/jpeg"}],"twitter_card":"summary_large_image","twitter_misc":{"Est. reading time":"1 minute"},"schema":{"@context":"https:\/\/schema.org","@graph":[{"@type":"WebPage","@id":"https:\/\/cosmopolit.hu\/en\/product\/golden-river-ebook\/","url":"https:\/\/cosmopolit.hu\/en\/product\/golden-river-ebook\/","name":"The Golden River - Cosmopolit","isPartOf":{"@id":"https:\/\/cosmopolit.hu\/#website"},"primaryImageOfPage":{"@id":"https:\/\/cosmopolit.hu\/en\/product\/golden-river-ebook\/#primaryimage"},"image":{"@id":"https:\/\/cosmopolit.hu\/en\/product\/golden-river-ebook\/#primaryimage"},"thumbnailUrl":"https:\/\/cosmopolit.hu\/uploads\/2025\/11\/The-Golden-River_eBOOK-mockup_new.jpg","datePublished":"2025-11-11T12:36:59+00:00","dateModified":"2025-12-18T11:41:00+00:00","description":"Golden River is history retold through the eyes of beer itself. With wit and elegance, D\u00e1niel Bart becomes the biographer of humankind\u2019s oldest companion, guiding readers from the first barley brews in stone mugs to the craft masterpieces of today.","breadcrumb":{"@id":"https:\/\/cosmopolit.hu\/en\/product\/golden-river-ebook\/#breadcrumb"},"inLanguage":"en-US","potentialAction":[{"@type":"ReadAction","target":["https:\/\/cosmopolit.hu\/en\/product\/golden-river-ebook\/"]}]},{"@type":"ImageObject","inLanguage":"en-US","@id":"https:\/\/cosmopolit.hu\/en\/product\/golden-river-ebook\/#primaryimage","url":"https:\/\/cosmopolit.hu\/uploads\/2025\/11\/The-Golden-River_eBOOK-mockup_new.jpg","contentUrl":"https:\/\/cosmopolit.hu\/uploads\/2025\/11\/The-Golden-River_eBOOK-mockup_new.jpg","width":2000,"height":2000},{"@type":"BreadcrumbList","@id":"https:\/\/cosmopolit.hu\/en\/product\/golden-river-ebook\/#breadcrumb","itemListElement":[{"@type":"ListItem","position":1,"name":"Home","item":"https:\/\/cosmopolit.hu\/en\/"},{"@type":"ListItem","position":2,"name":"Term\u00e9kek","item":"https:\/\/cosmopolit.hu\/shop\/"},{"@type":"ListItem","position":3,"name":"The Golden River"}]},{"@type":"WebSite","@id":"https:\/\/cosmopolit.hu\/#website","url":"https:\/\/cosmopolit.hu\/","name":"Cosmopolit","description":"Egy j\u00f3 t\u00f6rt\u00e9net mindig veled marad.","potentialAction":[{"@type":"SearchAction","target":{"@type":"EntryPoint","urlTemplate":"https:\/\/cosmopolit.hu\/?s={search_term_string}"},"query-input":{"@type":"PropertyValueSpecification","valueRequired":true,"valueName":"search_term_string"}}],"inLanguage":"en-US"}]}},"_links":{"self":[{"href":"https:\/\/cosmopolit.hu\/en\/wp-json\/wp\/v2\/product\/6395","targetHints":{"allow":["GET"]}}],"collection":[{"href":"https:\/\/cosmopolit.hu\/en\/wp-json\/wp\/v2\/product"}],"about":[{"href":"https:\/\/cosmopolit.hu\/en\/wp-json\/wp\/v2\/types\/product"}],"wp:featuredmedia":[{"embeddable":true,"href":"https:\/\/cosmopolit.hu\/en\/wp-json\/wp\/v2\/media\/6396"}],"wp:attachment":[{"href":"https:\/\/cosmopolit.hu\/en\/wp-json\/wp\/v2\/media?parent=6395"}],"wp:term":[{"taxonomy":"product_brand","embeddable":true,"href":"https:\/\/cosmopolit.hu\/en\/wp-json\/wp\/v2\/product_brand?post=6395"},{"taxonomy":"product_cat","embeddable":true,"href":"https:\/\/cosmopolit.hu\/en\/wp-json\/wp\/v2\/product_cat?post=6395"},{"taxonomy":"product_tag","embeddable":true,"href":"https:\/\/cosmopolit.hu\/en\/wp-json\/wp\/v2\/product_tag?post=6395"}],"curies":[{"name":"wp","href":"https:\/\/api.w.org\/{rel}","templated":true}]}}